{"id":309,"date":"2025-07-28T14:58:19","date_gmt":"2025-07-28T12:58:19","guid":{"rendered":"https:\/\/www.3maj.hr\/?page_id=309"},"modified":"2025-10-16T14:02:35","modified_gmt":"2025-10-16T12:02:35","slug":"sustavi-upravljanja","status":"publish","type":"page","link":"https:\/\/www.3maj.hr\/?page_id=309","title":{"rendered":"Sustavi Upravljanja"},"content":{"rendered":"<div id=\"pl-gb309-69ddc29788ef1\"  class=\"panel-layout\" ><div id=\"pg-gb309-69ddc29788ef1-0\"  class=\"panel-grid panel-no-style\" ><div id=\"pgc-gb309-69ddc29788ef1-0-0\"  class=\"panel-grid-cell\" ><div id=\"panel-gb309-69ddc29788ef1-0-0-0\" class=\"so-panel widget widget_sow-headline panel-first-child panel-last-child\" data-index=\"0\" ><div\n\t\t\t\n\t\t\tclass=\"so-widget-sow-headline so-widget-sow-headline-default-85ea4ac10cbf-309\"\n\t\t\t\n\t\t><div class=\"sow-headline-container \">\n\t\t\t\t\t\t\t<h2 class=\"sow-headline\">\n\t\t\t\t\t\tISO certifikati i sustavi upravljanja\t\t\t\t\t\t<\/h2>\n\t\t\t\t\t\t<\/div>\n<\/div><\/div><\/div><\/div><div id=\"pg-gb309-69ddc29788ef1-1\"  class=\"panel-grid panel-no-style\" ><div id=\"pgc-gb309-69ddc29788ef1-1-0\"  class=\"panel-grid-cell\" ><div id=\"panel-gb309-69ddc29788ef1-1-0-0\" class=\"so-panel widget widget_sow-headline panel-first-child\" data-index=\"1\" ><div\n\t\t\t\n\t\t\tclass=\"so-widget-sow-headline so-widget-sow-headline-default-cdcd2262d44a-309\"\n\t\t\t\n\t\t><div class=\"sow-headline-container \">\n\t\t\t\t\t\t\t<h5 class=\"sow-headline\">\n\t\t\t\t\t\tNa\u0161a organizacija posjeduje certifikate prema me\u0111unarodnim normama:\t\t\t\t\t\t<\/h5>\n\t\t\t\t\t\t<\/div>\n<\/div><\/div><div id=\"panel-gb309-69ddc29788ef1-1-0-1\" class=\"so-panel widget widget_sow-image\" data-index=\"2\" ><div\n\t\t\t\n\t\t\tclass=\"so-widget-sow-image so-widget-sow-image-default-8b5b6f678277-309\"\n\t\t\t data-overlay-enabled=\"1\" data-overlay-settings=\"{&quot;enabled_for_widgets&quot;:[&quot;sow-image&quot;,&quot;sow-image-grid&quot;,&quot;sow-simple-masonry&quot;],&quot;theme&quot;:&quot;&quot;,&quot;show_delay&quot;:300,&quot;overlay_color&quot;:&quot;#000000&quot;,&quot;overlay_opacity&quot;:0.8,&quot;overlay_position&quot;:&quot;bottom&quot;,&quot;overlay_size&quot;:0.3,&quot;desktop_show_trigger&quot;:&quot;hover&quot;,&quot;touch_show_trigger&quot;:&quot;touch&quot;,&quot;responsive_breakpoint&quot;:&quot;1024px&quot;,&quot;responsive_breakpoint_unit&quot;:&quot;px&quot;,&quot;overlay_animation&quot;:&quot;fade&quot;,&quot;overlay_animation_onscreen&quot;:false,&quot;font_family&quot;:&quot;&quot;,&quot;text_size&quot;:&quot;15px&quot;,&quot;text_size_unit&quot;:&quot;px&quot;,&quot;text_color&quot;:&quot;#fff&quot;,&quot;text_padding&quot;:&quot;22px 22px 22px 22px&quot;,&quot;text_position&quot;:&quot;middle&quot;,&quot;text_align&quot;:&quot;left&quot;,&quot;text_animation&quot;:&quot;&quot;}\"\n\t\t>\n<div class=\"sow-image-container\">\n\t\t<img \n\tsrc=\"https:\/\/www.3maj.hr\/wp-content\/uploads\/2025\/07\/Copilot_20250729_153452-300x200.png\" width=\"300\" height=\"200\" srcset=\"https:\/\/www.3maj.hr\/wp-content\/uploads\/2025\/07\/Copilot_20250729_153452-300x200.png 300w, https:\/\/www.3maj.hr\/wp-content\/uploads\/2025\/07\/Copilot_20250729_153452-1024x683.png 1024w, https:\/\/www.3maj.hr\/wp-content\/uploads\/2025\/07\/Copilot_20250729_153452-768x512.png 768w, https:\/\/www.3maj.hr\/wp-content\/uploads\/2025\/07\/Copilot_20250729_153452-720x480.png 720w, https:\/\/www.3maj.hr\/wp-content\/uploads\/2025\/07\/Copilot_20250729_153452-272x182.png 272w, https:\/\/www.3maj.hr\/wp-content\/uploads\/2025\/07\/Copilot_20250729_153452-360x240.png 360w, https:\/\/www.3maj.hr\/wp-content\/uploads\/2025\/07\/Copilot_20250729_153452-950x630.png 950w, https:\/\/www.3maj.hr\/wp-content\/uploads\/2025\/07\/Copilot_20250729_153452.png 1536w\" sizes=\"(max-width: 300px) 100vw, 300px\" alt=\"\" \t\tclass=\"so-widget-image\"\/>\n\t<\/div>\n\n<\/div><\/div><div id=\"panel-gb309-69ddc29788ef1-1-0-2\" class=\"so-panel widget widget_sow-accordion panel-last-child\" data-index=\"3\" ><div\n\t\t\t\n\t\t\tclass=\"so-widget-sow-accordion so-widget-sow-accordion-default-43ec59fb451e-309\"\n\t\t\t data-max-open-panels=\"0\" data-initial-scroll-panel=\"0\"\n\t\t><div>\n\t<div class=\"sow-accordion\">\n\t\t\t<div class=\"sow-accordion-panel\n\t\t\t\t\"\n\t\t\tdata-anchor-id=\"iso-90012015-sustav-upravljanja-kvalitetom\">\n\t\t\t\t<div class=\"sow-accordion-panel-header-container\" role=\"heading\" aria-level=\"2\">\n\t\t\t\t\t<div class=\"sow-accordion-panel-header\" tabindex=\"0\" role=\"button\" id=\"accordion-label-iso-90012015-%e2%80%93-sustav-upravljanja-kvalitetom\" aria-controls=\"accordion-content-iso-90012015-%e2%80%93-sustav-upravljanja-kvalitetom\" aria-expanded=\"false\">\n\t\t\t\t\t\t<div class=\"sow-accordion-title sow-accordion-title-icon-left\">\n\t\t\t\t\t\t\t\t\t\t\t\t\t\tISO 9001:2015 \u2013 Sustav upravljanja kvalitetom\t\t\t\t\t\t\t\t\t\t\t\t\t<\/div>\n\t\t\t\t\t\t<div class=\"sow-accordion-open-close-button\">\n\t\t\t\t\t\t\t<div class=\"sow-accordion-open-button\">\n\t\t\t\t\t\t\t\t<span class=\"sow-icon-fontawesome sow-fas\" data-sow-icon=\"&#x2b;\"\n\t\t \n\t\taria-hidden=\"true\"><\/span>\t\t\t\t\t\t\t<\/div>\n\t\t\t\t\t\t\t<div class=\"sow-accordion-close-button\">\n\t\t\t\t\t\t\t\t<span class=\"sow-icon-fontawesome sow-fas\" data-sow-icon=\"&#xf068;\"\n\t\t \n\t\taria-hidden=\"true\"><\/span>\t\t\t\t\t\t\t<\/div>\n\t\t\t\t\t\t<\/div>\n\t\t\t\t\t<\/div>\n\t\t\t\t<\/div>\n\n\t\t\t<div\n\t\t\t\tclass=\"sow-accordion-panel-content\"\n\t\t\t\trole=\"region\"\n\t\t\t\taria-labelledby=\"accordion-label-iso-90012015-%e2%80%93-sustav-upravljanja-kvalitetom\"\n\t\t\t\tid=\"accordion-content-iso-90012015-%e2%80%93-sustav-upravljanja-kvalitetom\"\n\t\t\t\tstyle=\"display: none;\"\t\t\t>\n\t\t\t\t<div class=\"sow-accordion-panel-border\">\n\t\t\t\t\t<a href=\"https:\/\/www.3maj.hr\/wp-content\/uploads\/2025\/10\/3.-MAJ-Rijeka-1905-d.-o.-o._HR010739_V_1_BUP_ACCREDIA_HRV_FINAL.pdf\" target=\"_blank\" rel=\"noopener\">ISO 9001:2015 &#8211; HRV<\/a>\n<br \/>\n<a href=\"https:\/\/www.3maj.hr\/wp-content\/uploads\/2025\/10\/3.-MAJ-Rijeka-1905-d.-o.-o._HR010739_V_1_BUP_ACCREDIA_ENU_FINAL.pdf\" target=\"_blank\" rel=\"noopener\">ISO 9001:2015 &#8211; ENG<\/a>\n\n&nbsp;\t\t\t\t<\/div>\n\t\t\t<\/div>\n\t\t<\/div>\n\t\t\t<div class=\"sow-accordion-panel\n\t\t\t\t\"\n\t\t\tdata-anchor-id=\"iso-140012015-sustav-upravljanja-okolisem\">\n\t\t\t\t<div class=\"sow-accordion-panel-header-container\" role=\"heading\" aria-level=\"2\">\n\t\t\t\t\t<div class=\"sow-accordion-panel-header\" tabindex=\"0\" role=\"button\" id=\"accordion-label-iso-140012015-%e2%80%93-sustav-upravljanja-okoli%c5%a1em\" aria-controls=\"accordion-content-iso-140012015-%e2%80%93-sustav-upravljanja-okoli%c5%a1em\" aria-expanded=\"false\">\n\t\t\t\t\t\t<div class=\"sow-accordion-title sow-accordion-title-icon-left\">\n\t\t\t\t\t\t\t\t\t\t\t\t\t\tISO 14001:2015 \u2013 Sustav upravljanja okoli\u0161em\t\t\t\t\t\t\t\t\t\t\t\t\t<\/div>\n\t\t\t\t\t\t<div class=\"sow-accordion-open-close-button\">\n\t\t\t\t\t\t\t<div class=\"sow-accordion-open-button\">\n\t\t\t\t\t\t\t\t<span class=\"sow-icon-fontawesome sow-fas\" data-sow-icon=\"&#x2b;\"\n\t\t \n\t\taria-hidden=\"true\"><\/span>\t\t\t\t\t\t\t<\/div>\n\t\t\t\t\t\t\t<div class=\"sow-accordion-close-button\">\n\t\t\t\t\t\t\t\t<span class=\"sow-icon-fontawesome sow-fas\" data-sow-icon=\"&#xf068;\"\n\t\t \n\t\taria-hidden=\"true\"><\/span>\t\t\t\t\t\t\t<\/div>\n\t\t\t\t\t\t<\/div>\n\t\t\t\t\t<\/div>\n\t\t\t\t<\/div>\n\n\t\t\t<div\n\t\t\t\tclass=\"sow-accordion-panel-content\"\n\t\t\t\trole=\"region\"\n\t\t\t\taria-labelledby=\"accordion-label-iso-140012015-%e2%80%93-sustav-upravljanja-okoli%c5%a1em\"\n\t\t\t\tid=\"accordion-content-iso-140012015-%e2%80%93-sustav-upravljanja-okoli%c5%a1em\"\n\t\t\t\tstyle=\"display: none;\"\t\t\t>\n\t\t\t\t<div class=\"sow-accordion-panel-border\">\n\t\t\t\t\t<a href=\"https:\/\/www.3maj.hr\/wp-content\/uploads\/2025\/10\/3.-MAJ-Rijeka-1905-d.-o.-o._HR010669_V_1_BUQ_ACCREDIA_HRV_FINAL.pdf\" target=\"_blank\" rel=\"noopener\">ISO 14001:2015 &#8211; HRV<\/a>\n<br \/>\n<a href=\"https:\/\/www.3maj.hr\/wp-content\/uploads\/2025\/10\/3.-MAJ-Rijeka-1905-d.-o.-o._HR010669_V_1_BUQ_ACCREDIA_ENU_FINAL.pdf\" target=\"_blank\" rel=\"noopener\">ISO 14001:2015 &#8211; ENG<\/a>\n\n&nbsp;\t\t\t\t<\/div>\n\t\t\t<\/div>\n\t\t<\/div>\n\t\t\t<div class=\"sow-accordion-panel\n\t\t\t\t\"\n\t\t\tdata-anchor-id=\"iso-450012018-sustav-upravljanja-zastitom-zdravlja-i-sigurnoscu-na-radu\">\n\t\t\t\t<div class=\"sow-accordion-panel-header-container\" role=\"heading\" aria-level=\"2\">\n\t\t\t\t\t<div class=\"sow-accordion-panel-header\" tabindex=\"0\" role=\"button\" id=\"accordion-label-iso-450012018-%e2%80%93-sustav-upravljanja-za%c5%a1titom-zdravlja-i-sigurno%c5%a1%c4%87u-na-radu\" aria-controls=\"accordion-content-iso-450012018-%e2%80%93-sustav-upravljanja-za%c5%a1titom-zdravlja-i-sigurno%c5%a1%c4%87u-na-radu\" aria-expanded=\"false\">\n\t\t\t\t\t\t<div class=\"sow-accordion-title sow-accordion-title-icon-left\">\n\t\t\t\t\t\t\t\t\t\t\t\t\t\tISO 45001:2018 \u2013 Sustav upravljanja za\u0161titom zdravlja i sigurno\u0161\u0107u na radu\t\t\t\t\t\t\t\t\t\t\t\t\t<\/div>\n\t\t\t\t\t\t<div class=\"sow-accordion-open-close-button\">\n\t\t\t\t\t\t\t<div class=\"sow-accordion-open-button\">\n\t\t\t\t\t\t\t\t<span class=\"sow-icon-fontawesome sow-fas\" data-sow-icon=\"&#x2b;\"\n\t\t \n\t\taria-hidden=\"true\"><\/span>\t\t\t\t\t\t\t<\/div>\n\t\t\t\t\t\t\t<div class=\"sow-accordion-close-button\">\n\t\t\t\t\t\t\t\t<span class=\"sow-icon-fontawesome sow-fas\" data-sow-icon=\"&#xf068;\"\n\t\t \n\t\taria-hidden=\"true\"><\/span>\t\t\t\t\t\t\t<\/div>\n\t\t\t\t\t\t<\/div>\n\t\t\t\t\t<\/div>\n\t\t\t\t<\/div>\n\n\t\t\t<div\n\t\t\t\tclass=\"sow-accordion-panel-content\"\n\t\t\t\trole=\"region\"\n\t\t\t\taria-labelledby=\"accordion-label-iso-450012018-%e2%80%93-sustav-upravljanja-za%c5%a1titom-zdravlja-i-sigurno%c5%a1%c4%87u-na-radu\"\n\t\t\t\tid=\"accordion-content-iso-450012018-%e2%80%93-sustav-upravljanja-za%c5%a1titom-zdravlja-i-sigurno%c5%a1%c4%87u-na-radu\"\n\t\t\t\tstyle=\"display: none;\"\t\t\t>\n\t\t\t\t<div class=\"sow-accordion-panel-border\">\n\t\t\t\t\t<a href=\"https:\/\/www.3maj.hr\/wp-content\/uploads\/2025\/10\/3.-MAJ-Rijeka-1905-d.-o.-o._HR010740_V_1_BVR_ACCREDIA_HRV_FINAL.pdf\" target=\"_blank\" rel=\"noopener\">ISO 45001:2018 &#8211; HRV<\/a>\n<br \/>\n<a href=\"https:\/\/www.3maj.hr\/wp-content\/uploads\/2025\/10\/3.-MAJ-Rijeka-1905-d.-o.-o._HR010740_V_1_BVR_ACCREDIA_ENU_FINAL-1.pdf\" target=\"_blank\" rel=\"noopener\">ISO 45001:2018 &#8211; ENG<\/a>\t\t\t\t<\/div>\n\t\t\t<\/div>\n\t\t<\/div>\n\t\t\t<div class=\"sow-accordion-panel\n\t\t\t\t\"\n\t\t\tdata-anchor-id=\"iso-en-3834-22021-sustav-za-osiguranje-kvalitete-u-zavarivanju\">\n\t\t\t\t<div class=\"sow-accordion-panel-header-container\" role=\"heading\" aria-level=\"2\">\n\t\t\t\t\t<div class=\"sow-accordion-panel-header\" tabindex=\"0\" role=\"button\" id=\"accordion-label-iso-en-3834-22021-%e2%80%93-sustav-za-osiguranje-kvalitete-u-zavarivanju\" aria-controls=\"accordion-content-iso-en-3834-22021-%e2%80%93-sustav-za-osiguranje-kvalitete-u-zavarivanju\" aria-expanded=\"false\">\n\t\t\t\t\t\t<div class=\"sow-accordion-title sow-accordion-title-icon-left\">\n\t\t\t\t\t\t\t\t\t\t\t\t\t\tISO EN 3834-2:2021 \u2013 Sustav za osiguranje kvalitete u zavarivanju\t\t\t\t\t\t\t\t\t\t\t\t\t<\/div>\n\t\t\t\t\t\t<div class=\"sow-accordion-open-close-button\">\n\t\t\t\t\t\t\t<div class=\"sow-accordion-open-button\">\n\t\t\t\t\t\t\t\t<span class=\"sow-icon-fontawesome sow-fas\" data-sow-icon=\"&#x2b;\"\n\t\t \n\t\taria-hidden=\"true\"><\/span>\t\t\t\t\t\t\t<\/div>\n\t\t\t\t\t\t\t<div class=\"sow-accordion-close-button\">\n\t\t\t\t\t\t\t\t<span class=\"sow-icon-fontawesome sow-fas\" data-sow-icon=\"&#xf068;\"\n\t\t \n\t\taria-hidden=\"true\"><\/span>\t\t\t\t\t\t\t<\/div>\n\t\t\t\t\t\t<\/div>\n\t\t\t\t\t<\/div>\n\t\t\t\t<\/div>\n\n\t\t\t<div\n\t\t\t\tclass=\"sow-accordion-panel-content\"\n\t\t\t\trole=\"region\"\n\t\t\t\taria-labelledby=\"accordion-label-iso-en-3834-22021-%e2%80%93-sustav-za-osiguranje-kvalitete-u-zavarivanju\"\n\t\t\t\tid=\"accordion-content-iso-en-3834-22021-%e2%80%93-sustav-za-osiguranje-kvalitete-u-zavarivanju\"\n\t\t\t\tstyle=\"display: none;\"\t\t\t>\n\t\t\t\t<div class=\"sow-accordion-panel-border\">\n\t\t\t\t\t<p><a href=\"https:\/\/www.3maj.hr\/wp-content\/uploads\/2025\/07\/Certficate-BV-CRO-25-0006_ISO-EN-3834-2_3.maj_enghr_05.06.2025.pdf\" target=\"_blank\" rel=\"noopener\">ISO EN 3834-2<\/a><\/p>\n<p>&nbsp;<\/p>\n\t\t\t\t<\/div>\n\t\t\t<\/div>\n\t\t<\/div>\n\t\t\t<div class=\"sow-accordion-panel\n\t\t\t\t\"\n\t\t\tdata-anchor-id=\"bv-mode-ii-scheme-odobrenje-za-provedbu-samostalnih-inspekcijskih-pregleda-i-nadzora-kvalitete-za-brodogradnju-i-offshore\">\n\t\t\t\t<div class=\"sow-accordion-panel-header-container\" role=\"heading\" aria-level=\"2\">\n\t\t\t\t\t<div class=\"sow-accordion-panel-header\" tabindex=\"0\" role=\"button\" id=\"accordion-label-bv-mode-ii-scheme-%e2%80%93-odobrenje-za-provedbu-samostalnih-inspekcijskih-pregleda-i-nadzora-kvalitete-za-brodogradnju-i-offshore\" aria-controls=\"accordion-content-bv-mode-ii-scheme-%e2%80%93-odobrenje-za-provedbu-samostalnih-inspekcijskih-pregleda-i-nadzora-kvalitete-za-brodogradnju-i-offshore\" aria-expanded=\"false\">\n\t\t\t\t\t\t<div class=\"sow-accordion-title sow-accordion-title-icon-left\">\n\t\t\t\t\t\t\t\t\t\t\t\t\t\tBV MODE II SCHEME \u2013 Odobrenje za provedbu samostalnih inspekcijskih pregleda i nadzora kvalitete za brodogradnju i offshore\t\t\t\t\t\t\t\t\t\t\t\t\t<\/div>\n\t\t\t\t\t\t<div class=\"sow-accordion-open-close-button\">\n\t\t\t\t\t\t\t<div class=\"sow-accordion-open-button\">\n\t\t\t\t\t\t\t\t<span class=\"sow-icon-fontawesome sow-fas\" data-sow-icon=\"&#x2b;\"\n\t\t \n\t\taria-hidden=\"true\"><\/span>\t\t\t\t\t\t\t<\/div>\n\t\t\t\t\t\t\t<div class=\"sow-accordion-close-button\">\n\t\t\t\t\t\t\t\t<span class=\"sow-icon-fontawesome sow-fas\" data-sow-icon=\"&#xf068;\"\n\t\t \n\t\taria-hidden=\"true\"><\/span>\t\t\t\t\t\t\t<\/div>\n\t\t\t\t\t\t<\/div>\n\t\t\t\t\t<\/div>\n\t\t\t\t<\/div>\n\n\t\t\t<div\n\t\t\t\tclass=\"sow-accordion-panel-content\"\n\t\t\t\trole=\"region\"\n\t\t\t\taria-labelledby=\"accordion-label-bv-mode-ii-scheme-%e2%80%93-odobrenje-za-provedbu-samostalnih-inspekcijskih-pregleda-i-nadzora-kvalitete-za-brodogradnju-i-offshore\"\n\t\t\t\tid=\"accordion-content-bv-mode-ii-scheme-%e2%80%93-odobrenje-za-provedbu-samostalnih-inspekcijskih-pregleda-i-nadzora-kvalitete-za-brodogradnju-i-offshore\"\n\t\t\t\tstyle=\"display: none;\"\t\t\t>\n\t\t\t\t<div class=\"sow-accordion-panel-border\">\n\t\t\t\t\t<p><a href=\"https:\/\/www.3maj.hr\/wp-content\/uploads\/2025\/07\/SMS.W.II_._152261_A.0.pdf\" target=\"_blank\" rel=\"noopener\">BV MODE II SCHEME<\/a><\/p>\n\t\t\t\t<\/div>\n\t\t\t<\/div>\n\t\t<\/div>\n\t\t<\/div>\n<\/div>\n<\/div><\/div><\/div><\/div><\/div>\n\n\n<p><\/p>\n","protected":false},"excerpt":{"rendered":"","protected":false},"author":1,"featured_media":0,"parent":0,"menu_order":0,"comment_status":"closed","ping_status":"closed","template":"","meta":{"footnotes":""},"class_list":["post-309","page","type-page","status-publish","hentry","post"],"_links":{"self":[{"href":"https:\/\/www.3maj.hr\/index.php?rest_route=\/wp\/v2\/pages\/309","targetHints":{"allow":["GET"]}}],"collection":[{"href":"https:\/\/www.3maj.hr\/index.php?rest_route=\/wp\/v2\/pages"}],"about":[{"href":"https:\/\/www.3maj.hr\/index.php?rest_route=\/wp\/v2\/types\/page"}],"author":[{"embeddable":true,"href":"https:\/\/www.3maj.hr\/index.php?rest_route=\/wp\/v2\/users\/1"}],"replies":[{"embeddable":true,"href":"https:\/\/www.3maj.hr\/index.php?rest_route=%2Fwp%2Fv2%2Fcomments&post=309"}],"version-history":[{"count":12,"href":"https:\/\/www.3maj.hr\/index.php?rest_route=\/wp\/v2\/pages\/309\/revisions"}],"predecessor-version":[{"id":347,"href":"https:\/\/www.3maj.hr\/index.php?rest_route=\/wp\/v2\/pages\/309\/revisions\/347"}],"wp:attachment":[{"href":"https:\/\/www.3maj.hr\/index.php?rest_route=%2Fwp%2Fv2%2Fmedia&parent=309"}],"curies":[{"name":"wp","href":"https:\/\/api.w.org\/{rel}","templated":true}]}}