{"id":17,"date":"2025-04-30T11:03:50","date_gmt":"2025-04-30T11:03:50","guid":{"rendered":"https:\/\/testweb.3maj.hr\/?page_id=17"},"modified":"2025-07-02T13:44:21","modified_gmt":"2025-07-02T11:44:21","slug":"ostale-usluge","status":"publish","type":"page","link":"https:\/\/www.3maj.hr\/?page_id=17","title":{"rendered":"Ostale usluge"},"content":{"rendered":"<div id=\"pl-gb17-69ff303f059b6\"  class=\"panel-layout\" ><div id=\"pg-gb17-69ff303f059b6-0\"  class=\"panel-grid panel-no-style\" ><div id=\"pgc-gb17-69ff303f059b6-0-0\"  class=\"panel-grid-cell\" ><div id=\"panel-gb17-69ff303f059b6-0-0-0\" class=\"so-panel widget widget_sow-editor panel-first-child panel-last-child\" data-index=\"0\" ><div\n\t\t\t\n\t\t\tclass=\"so-widget-sow-editor so-widget-sow-editor-base\"\n\t\t\t\n\t\t><h3 class=\"widget-title\">OSTALE USLUGE<\/h3>\n<div class=\"siteorigin-widget-tinymce textwidget\">\n\t<ol>\n<li>Brodogradnja po narud\u017ebi: Na temelju specifi\u010dnih zahtjeva klijenta, gradimo plovila prema najvi\u0161im industrijskim standardima.<\/li>\n<li>Odr\u017eavanje plovila: Remont i dorada brodova i plovila koja zahtijevaju specifi\u010dne popravke ili adaptacije.<\/li>\n<li>Tehni\u010dka podr\u0161ka i savjetovanje: 3D izmjere objekata, nerazorna ispitivanja materijala<\/li>\n<li>Ostale usluge:<\/li>\n<\/ol>\n<ul>\n<li style=\"list-style-type: none;\">\n<ul>\n<li>Usluge rezanja i oblikovanja \u010delika<\/li>\n<li>Izrada sekcija, i raznih metalnih konstrukcija<\/li>\n<li>Usluge korozijske za\u0161tite<\/li>\n<li>Usluge prekrcaja te\u0161kih tereta<\/li>\n<li>Usluge ispitivanja nosivosti (utezi, dizalice, grede i sl.)<\/li>\n<li>Najam opreme<\/li>\n<\/ul>\n<\/li>\n<\/ul>\n<ul>\n<li style=\"list-style-type: none;\"><\/li>\n<\/ul>\n<\/div>\n<\/div><\/div><\/div><\/div><\/div>","protected":false},"excerpt":{"rendered":"<p>Brodogradnja po narud\u017ebi: Na temelju specifi\u010dnih zahtjeva klijenta, gradimo plovila prema najvi\u0161im industrijskim standardima. Odr\u017eavanje plovila: Remont i dorada brodova i plovila koja zahtijevaju specifi\u010dne popravke ili adaptacije. Tehni\u010dka podr\u0161ka i savjetovanje: 3D izmjere objekata, nerazorna ispitivanja materijala Ostale usluge: Usluge rezanja i oblikovanja \u010delika Izrada sekcija, i raznih metalnih konstrukcija Usluge korozijske za\u0161tite Usluge [&hellip;]<\/p>\n","protected":false},"author":1,"featured_media":0,"parent":0,"menu_order":0,"comment_status":"closed","ping_status":"closed","template":"","meta":{"footnotes":""},"class_list":["post-17","page","type-page","status-publish","hentry","post"],"_links":{"self":[{"href":"https:\/\/www.3maj.hr\/index.php?rest_route=\/wp\/v2\/pages\/17","targetHints":{"allow":["GET"]}}],"collection":[{"href":"https:\/\/www.3maj.hr\/index.php?rest_route=\/wp\/v2\/pages"}],"about":[{"href":"https:\/\/www.3maj.hr\/index.php?rest_route=\/wp\/v2\/types\/page"}],"author":[{"embeddable":true,"href":"https:\/\/www.3maj.hr\/index.php?rest_route=\/wp\/v2\/users\/1"}],"replies":[{"embeddable":true,"href":"https:\/\/www.3maj.hr\/index.php?rest_route=%2Fwp%2Fv2%2Fcomments&post=17"}],"version-history":[{"count":3,"href":"https:\/\/www.3maj.hr\/index.php?rest_route=\/wp\/v2\/pages\/17\/revisions"}],"predecessor-version":[{"id":295,"href":"https:\/\/www.3maj.hr\/index.php?rest_route=\/wp\/v2\/pages\/17\/revisions\/295"}],"wp:attachment":[{"href":"https:\/\/www.3maj.hr\/index.php?rest_route=%2Fwp%2Fv2%2Fmedia&parent=17"}],"curies":[{"name":"wp","href":"https:\/\/api.w.org\/{rel}","templated":true}]}}