{"id":16,"date":"2025-04-30T11:03:49","date_gmt":"2025-04-30T11:03:49","guid":{"rendered":"https:\/\/testweb.3maj.hr\/?page_id=16"},"modified":"2025-05-20T13:19:48","modified_gmt":"2025-05-20T13:19:48","slug":"remont","status":"publish","type":"page","link":"https:\/\/www.3maj.hr\/?page_id=16","title":{"rendered":"Remont"},"content":{"rendered":"<div id=\"pl-gb16-69ff42e6b1e27\"  class=\"panel-layout\" ><div id=\"pg-gb16-69ff42e6b1e27-0\"  class=\"panel-grid panel-no-style\" ><div id=\"pgc-gb16-69ff42e6b1e27-0-0\"  class=\"panel-grid-cell\" ><div id=\"panel-gb16-69ff42e6b1e27-0-0-0\" class=\"so-panel widget widget_sow-editor panel-first-child panel-last-child\" data-index=\"0\" ><div\n\t\t\t\n\t\t\tclass=\"so-widget-sow-editor so-widget-sow-editor-base\"\n\t\t\t\n\t\t><h3 class=\"widget-title\">REMONT<\/h3>\n<div class=\"siteorigin-widget-tinymce textwidget\">\n\t<p>Pru\u017eamo uslugu remonta plovila preko radova u \u010deliku i AKZ radova, do specijaliziranih radova na pogonskim i elektri\u010dnim brodskim sustavima.<\/p>\n<ul>\n<li>Obnova \u010delika<\/li>\n<li>Cjevarski radovi<\/li>\n<li>Popravci aluminijskih oplata<\/li>\n<li>Antikorozivna za\u0161tita<\/li>\n<li>Tretman tankova<\/li>\n<li>Mehani\u010darski radovi<\/li>\n<li>Radovi na kotlovima<\/li>\n<li>Precizna strojna obrada<\/li>\n<li>epoksidna smola za motore<\/li>\n<\/ul>\n<ul>\n<li>Elektri\u010darski i elektroni\u010darski radovi<\/li>\n<li>Izolaterski radovi<\/li>\n<li>Stolarski radovi<\/li>\n<li>Odstranjivanje i zbrinjavanje zauljenih voda i ostataka tereta<\/li>\n<li>Kemijsko \u010di\u0161\u0107enje i degazacija tankova<\/li>\n<li>Kompletna ugradnja sustava za pro\u010di\u0161\u0107avanje balasnih voda<\/li>\n<li>Kompletna ugradnja sustava za pro\u010di\u0161\u0107avanje ispu\u0161nih plinova<\/li>\n<\/ul>\n<\/div>\n<\/div><\/div><\/div><\/div><\/div>","protected":false},"excerpt":{"rendered":"<p>Pru\u017eamo uslugu remonta plovila preko radova u \u010deliku i AKZ radova, do specijaliziranih radova na pogonskim i elektri\u010dnim brodskim sustavima. Obnova \u010delika Cjevarski radovi Popravci aluminijskih oplata Antikorozivna za\u0161tita Tretman tankova Mehani\u010darski radovi Radovi na kotlovima Precizna strojna obrada epoksidna smola za motore Elektri\u010darski i elektroni\u010darski radovi Izolaterski radovi Stolarski radovi Odstranjivanje i zbrinjavanje zauljenih [&hellip;]<\/p>\n","protected":false},"author":1,"featured_media":0,"parent":0,"menu_order":0,"comment_status":"closed","ping_status":"closed","template":"","meta":{"footnotes":""},"class_list":["post-16","page","type-page","status-publish","hentry","post"],"_links":{"self":[{"href":"https:\/\/www.3maj.hr\/index.php?rest_route=\/wp\/v2\/pages\/16","targetHints":{"allow":["GET"]}}],"collection":[{"href":"https:\/\/www.3maj.hr\/index.php?rest_route=\/wp\/v2\/pages"}],"about":[{"href":"https:\/\/www.3maj.hr\/index.php?rest_route=\/wp\/v2\/types\/page"}],"author":[{"embeddable":true,"href":"https:\/\/www.3maj.hr\/index.php?rest_route=\/wp\/v2\/users\/1"}],"replies":[{"embeddable":true,"href":"https:\/\/www.3maj.hr\/index.php?rest_route=%2Fwp%2Fv2%2Fcomments&post=16"}],"version-history":[{"count":2,"href":"https:\/\/www.3maj.hr\/index.php?rest_route=\/wp\/v2\/pages\/16\/revisions"}],"predecessor-version":[{"id":140,"href":"https:\/\/www.3maj.hr\/index.php?rest_route=\/wp\/v2\/pages\/16\/revisions\/140"}],"wp:attachment":[{"href":"https:\/\/www.3maj.hr\/index.php?rest_route=%2Fwp%2Fv2%2Fmedia&parent=16"}],"curies":[{"name":"wp","href":"https:\/\/api.w.org\/{rel}","templated":true}]}}