{"id":15,"date":"2025-04-30T11:03:48","date_gmt":"2025-04-30T11:03:48","guid":{"rendered":"https:\/\/testweb.3maj.hr\/?page_id=15"},"modified":"2025-06-12T13:11:42","modified_gmt":"2025-06-12T11:11:42","slug":"metalne-konstrukcije","status":"publish","type":"page","link":"https:\/\/www.3maj.hr\/?page_id=15","title":{"rendered":"Metalne konstrukcije"},"content":{"rendered":"<div id=\"pl-gb15-69ff4208b6c7a\"  class=\"panel-layout\" ><div id=\"pg-gb15-69ff4208b6c7a-0\"  class=\"panel-grid panel-has-style\" ><div class=\"siteorigin-panels-stretch panel-row-style panel-row-style-for-gb15-69ff4208b6c7a-0\" id=\"parallax\" data-stretch-type=\"full-width-stretch\" ><div id=\"pgc-gb15-69ff4208b6c7a-0-0\"  class=\"panel-grid-cell panel-grid-cell-empty\" ><\/div><\/div><\/div><div id=\"pg-gb15-69ff4208b6c7a-1\"  class=\"panel-grid panel-has-style\" ><div class=\"siteorigin-panels-stretch panel-row-style panel-row-style-for-gb15-69ff4208b6c7a-1\" id=\"services\" data-stretch-type=\"full\" ><div id=\"pgc-gb15-69ff4208b6c7a-1-0\"  class=\"panel-grid-cell\" ><div id=\"panel-gb15-69ff4208b6c7a-1-0-0\" class=\"so-panel widget widget_sow-editor panel-first-child panel-last-child\" data-index=\"0\" ><div\n\t\t\t\n\t\t\tclass=\"so-widget-sow-editor so-widget-sow-editor-base\"\n\t\t\t\n\t\t><h3 class=\"widget-title\">Zna\u010dajnije konstrukcije:<\/h3>\n<div class=\"siteorigin-widget-tinymce textwidget\">\n\t<h4><strong>Vijadukt Dubra\u010dina &#8211; Crikvenica<\/strong><\/h4>\n<p>Vijadukt Dubra\u010dina, du\u017eine 360 metara i visine 36 metara, izgra\u0111en 1980 g.<\/p>\n<p>Specifi\u010dnosti:\u00a0 monta\u017ea pet \u010deli\u010dnih sekcija ukupno te\u0161kih 800 tona. Prva i peta sekcija postavljene su po sistemu porinu\u0107a, a ostale u sredini podignute su dizalicama. Radove izveo 3. MAJ.<\/p>\n<\/div>\n<\/div><\/div><\/div><\/div><\/div><div id=\"pg-gb15-69ff4208b6c7a-2\"  class=\"panel-grid panel-has-style\" ><div class=\"siteorigin-panels-stretch panel-row-style panel-row-style-for-gb15-69ff4208b6c7a-2\" id=\"parallax\" data-stretch-type=\"full-width-stretch\" ><div id=\"pgc-gb15-69ff4208b6c7a-2-0\"  class=\"panel-grid-cell panel-grid-cell-empty\" ><\/div><\/div><\/div><div id=\"pg-gb15-69ff4208b6c7a-3\"  class=\"panel-grid panel-has-style\" ><div class=\"siteorigin-panels-stretch panel-row-style panel-row-style-for-gb15-69ff4208b6c7a-3\" id=\"services\" data-stretch-type=\"full\" ><div id=\"pgc-gb15-69ff4208b6c7a-3-0\"  class=\"panel-grid-cell\" ><div id=\"panel-gb15-69ff4208b6c7a-3-0-0\" class=\"so-panel widget widget_sow-editor panel-first-child panel-last-child\" data-index=\"1\" ><div\n\t\t\t\n\t\t\tclass=\"so-widget-sow-editor so-widget-sow-editor-base\"\n\t\t\t\n\t\t>\n<div class=\"siteorigin-widget-tinymce textwidget\">\n\t<h3><strong>Most hrvatskih branitelja iz Domovinskog rata<\/strong><\/h3>\n<p>\u010celi\u010dni most, duga\u010dak 48 m, izgra\u0111en 2001. g.<\/p>\n<p>Specifi\u010dnosti: Za potrebe dopreme materijala na lokaciju, 3. MAJ je izgradio teglenicu naziva \u201eTEG &#8211; 19\u201c koja je i danas u upotrebi.<\/p>\n<\/div>\n<\/div><\/div><\/div><\/div><\/div><div id=\"pg-gb15-69ff4208b6c7a-4\"  class=\"panel-grid panel-has-style\" ><div class=\"siteorigin-panels-stretch panel-row-style panel-row-style-for-gb15-69ff4208b6c7a-4\" id=\"parallax\" data-stretch-type=\"full-width-stretch\" ><div id=\"pgc-gb15-69ff4208b6c7a-4-0\"  class=\"panel-grid-cell panel-grid-cell-empty\" ><\/div><\/div><\/div><div id=\"pg-gb15-69ff4208b6c7a-5\"  class=\"panel-grid panel-has-style\" ><div class=\"siteorigin-panels-stretch panel-row-style panel-row-style-for-gb15-69ff4208b6c7a-5\" id=\"services\" data-stretch-type=\"full\" ><div id=\"pgc-gb15-69ff4208b6c7a-5-0\"  class=\"panel-grid-cell\" ><div id=\"panel-gb15-69ff4208b6c7a-5-0-0\" class=\"so-panel widget widget_sow-editor panel-first-child panel-last-child\" data-index=\"2\" ><div\n\t\t\t\n\t\t\tclass=\"so-widget-sow-editor so-widget-sow-editor-base\"\n\t\t\t\n\t\t>\n<div class=\"siteorigin-widget-tinymce textwidget\">\n\t<h3><strong>Trenutne mogu\u0107nosti<\/strong><\/h3>\n<p>Izrada sekcija, dimnjaka, pontona, ukrcajnih rampi, i ostalih metalnih konstrukcija (pozornice, ljestve i sl.) po mjeri i dostavljenim nacrtima.<\/p>\n<\/div>\n<\/div><\/div><\/div><\/div><\/div><div id=\"pg-gb15-69ff4208b6c7a-6\"  class=\"panel-grid panel-has-style\" ><div class=\"siteorigin-panels-stretch panel-row-style panel-row-style-for-gb15-69ff4208b6c7a-6\" id=\"parallax\" data-stretch-type=\"full-width-stretch\" ><div id=\"pgc-gb15-69ff4208b6c7a-6-0\"  class=\"panel-grid-cell panel-grid-cell-empty\" ><\/div><\/div><\/div><div id=\"pg-gb15-69ff4208b6c7a-7\"  class=\"panel-grid panel-has-style\" ><div class=\"siteorigin-panels-stretch panel-row-style panel-row-style-for-gb15-69ff4208b6c7a-7\" id=\"services\" data-stretch-type=\"full\" ><div id=\"pgc-gb15-69ff4208b6c7a-7-0\"  class=\"panel-grid-cell\" ><div id=\"panel-gb15-69ff4208b6c7a-7-0-0\" class=\"so-panel widget widget_sow-editor panel-first-child panel-last-child\" data-index=\"3\" ><div\n\t\t\t\n\t\t\tclass=\"so-widget-sow-editor so-widget-sow-editor-base\"\n\t\t\t\n\t\t>\n<div class=\"siteorigin-widget-tinymce textwidget\">\n\t<h3><strong>Gradnja 735 i 736 <\/strong><\/h3>\n<p>Pontoni za Dok 11 u brodogradili\u0161tu Viktor Lenac, nosivosti 65.000 t, dimenzija 80m x 50m x 7,9m<\/p>\n<\/div>\n<\/div><\/div><\/div><\/div><\/div><div id=\"pg-gb15-69ff4208b6c7a-8\"  class=\"panel-grid panel-has-style\" ><div class=\"siteorigin-panels-stretch panel-row-style panel-row-style-for-gb15-69ff4208b6c7a-8\" id=\"parallax\" data-stretch-type=\"full-width-stretch\" ><div id=\"pgc-gb15-69ff4208b6c7a-8-0\"  class=\"panel-grid-cell\" ><div id=\"panel-gb15-69ff4208b6c7a-8-0-0\" class=\"so-panel widget widget_sow-image-grid panel-first-child panel-last-child\" data-index=\"4\" ><div\n\t\t\t\n\t\t\tclass=\"so-widget-sow-image-grid so-widget-sow-image-grid-default-8bf08a9600e8-15\"\n\t\t\t data-overlay-enabled=\"1\" data-overlay-settings=\"{&quot;enabled_for_widgets&quot;:[&quot;sow-image&quot;,&quot;sow-image-grid&quot;,&quot;sow-simple-masonry&quot;],&quot;theme&quot;:&quot;&quot;,&quot;show_delay&quot;:300,&quot;overlay_color&quot;:&quot;#000000&quot;,&quot;overlay_opacity&quot;:0.8,&quot;overlay_position&quot;:&quot;bottom&quot;,&quot;overlay_size&quot;:0.3,&quot;desktop_show_trigger&quot;:&quot;hover&quot;,&quot;touch_show_trigger&quot;:&quot;touch&quot;,&quot;responsive_breakpoint&quot;:&quot;1024px&quot;,&quot;responsive_breakpoint_unit&quot;:&quot;px&quot;,&quot;overlay_animation&quot;:&quot;fade&quot;,&quot;overlay_animation_onscreen&quot;:false,&quot;font_family&quot;:&quot;&quot;,&quot;text_size&quot;:&quot;15px&quot;,&quot;text_size_unit&quot;:&quot;px&quot;,&quot;text_color&quot;:&quot;#fff&quot;,&quot;text_padding&quot;:&quot;22px 22px 22px 22px&quot;,&quot;text_position&quot;:&quot;middle&quot;,&quot;text_align&quot;:&quot;left&quot;,&quot;text_animation&quot;:&quot;&quot;}\"\n\t\t>\t<div\n\t\tclass=\"sow-image-grid-wrapper\"\n\t\t\t\t\t>\n\t\t\t\t\t<div class=\"sow-image-grid-image\">\n\t\t\t\t\t\t\t\t\t\t\t\t<img loading=\"lazy\" decoding=\"async\" width=\"1920\" height=\"2560\" src=\"https:\/\/www.3maj.hr\/wp-content\/uploads\/2025\/05\/PN-735-1-scaled.jpg\" class=\"sow-image-grid-image_html\" alt=\"\" title=\"PN 735 &#8211; 1\" srcset=\"https:\/\/www.3maj.hr\/wp-content\/uploads\/2025\/05\/PN-735-1-scaled.jpg 1920w, https:\/\/www.3maj.hr\/wp-content\/uploads\/2025\/05\/PN-735-1-225x300.jpg 225w, https:\/\/www.3maj.hr\/wp-content\/uploads\/2025\/05\/PN-735-1-768x1024.jpg 768w, https:\/\/www.3maj.hr\/wp-content\/uploads\/2025\/05\/PN-735-1-1152x1536.jpg 1152w, https:\/\/www.3maj.hr\/wp-content\/uploads\/2025\/05\/PN-735-1-1536x2048.jpg 1536w\" sizes=\"auto, (max-width: 1920px) 100vw, 1920px\" \/>\t\t\t\t\t\t\t\t\t\t\t<\/div>\n\t\t\t<\/div>\n<\/div><\/div><\/div><div id=\"pgc-gb15-69ff4208b6c7a-8-1\"  class=\"panel-grid-cell\" ><div id=\"panel-gb15-69ff4208b6c7a-8-1-0\" class=\"so-panel widget widget_sow-image-grid panel-first-child panel-last-child\" data-index=\"5\" ><div\n\t\t\t\n\t\t\tclass=\"so-widget-sow-image-grid so-widget-sow-image-grid-default-8bf08a9600e8-15\"\n\t\t\t data-overlay-enabled=\"1\" data-overlay-settings=\"{&quot;enabled_for_widgets&quot;:[&quot;sow-image&quot;,&quot;sow-image-grid&quot;,&quot;sow-simple-masonry&quot;],&quot;theme&quot;:&quot;&quot;,&quot;show_delay&quot;:300,&quot;overlay_color&quot;:&quot;#000000&quot;,&quot;overlay_opacity&quot;:0.8,&quot;overlay_position&quot;:&quot;bottom&quot;,&quot;overlay_size&quot;:0.3,&quot;desktop_show_trigger&quot;:&quot;hover&quot;,&quot;touch_show_trigger&quot;:&quot;touch&quot;,&quot;responsive_breakpoint&quot;:&quot;1024px&quot;,&quot;responsive_breakpoint_unit&quot;:&quot;px&quot;,&quot;overlay_animation&quot;:&quot;fade&quot;,&quot;overlay_animation_onscreen&quot;:false,&quot;font_family&quot;:&quot;&quot;,&quot;text_size&quot;:&quot;15px&quot;,&quot;text_size_unit&quot;:&quot;px&quot;,&quot;text_color&quot;:&quot;#fff&quot;,&quot;text_padding&quot;:&quot;22px 22px 22px 22px&quot;,&quot;text_position&quot;:&quot;middle&quot;,&quot;text_align&quot;:&quot;left&quot;,&quot;text_animation&quot;:&quot;&quot;}\"\n\t\t>\t<div\n\t\tclass=\"sow-image-grid-wrapper\"\n\t\t\t\t\t>\n\t\t\t\t\t<div class=\"sow-image-grid-image\">\n\t\t\t\t\t\t\t\t\t\t\t\t<img loading=\"lazy\" decoding=\"async\" width=\"2560\" height=\"1508\" src=\"https:\/\/www.3maj.hr\/wp-content\/uploads\/2025\/05\/736-pred-porinuce-1-scaled.jpg\" class=\"sow-image-grid-image_html\" alt=\"\" title=\"736 pred porinuce &#8211; 1\" srcset=\"https:\/\/www.3maj.hr\/wp-content\/uploads\/2025\/05\/736-pred-porinuce-1-scaled.jpg 2560w, https:\/\/www.3maj.hr\/wp-content\/uploads\/2025\/05\/736-pred-porinuce-1-300x177.jpg 300w, https:\/\/www.3maj.hr\/wp-content\/uploads\/2025\/05\/736-pred-porinuce-1-1024x603.jpg 1024w, https:\/\/www.3maj.hr\/wp-content\/uploads\/2025\/05\/736-pred-porinuce-1-768x453.jpg 768w, https:\/\/www.3maj.hr\/wp-content\/uploads\/2025\/05\/736-pred-porinuce-1-1536x905.jpg 1536w, https:\/\/www.3maj.hr\/wp-content\/uploads\/2025\/05\/736-pred-porinuce-1-2048x1207.jpg 2048w\" sizes=\"auto, (max-width: 2560px) 100vw, 2560px\" \/>\t\t\t\t\t\t\t\t\t\t\t<\/div>\n\t\t\t<\/div>\n<\/div><\/div><\/div><div id=\"pgc-gb15-69ff4208b6c7a-8-2\"  class=\"panel-grid-cell\" ><div id=\"panel-gb15-69ff4208b6c7a-8-2-0\" class=\"so-panel widget widget_sow-image-grid panel-first-child panel-last-child\" data-index=\"6\" ><div\n\t\t\t\n\t\t\tclass=\"so-widget-sow-image-grid so-widget-sow-image-grid-default-8bf08a9600e8-15\"\n\t\t\t data-overlay-enabled=\"1\" data-overlay-settings=\"{&quot;enabled_for_widgets&quot;:[&quot;sow-image&quot;,&quot;sow-image-grid&quot;,&quot;sow-simple-masonry&quot;],&quot;theme&quot;:&quot;&quot;,&quot;show_delay&quot;:300,&quot;overlay_color&quot;:&quot;#000000&quot;,&quot;overlay_opacity&quot;:0.8,&quot;overlay_position&quot;:&quot;bottom&quot;,&quot;overlay_size&quot;:0.3,&quot;desktop_show_trigger&quot;:&quot;hover&quot;,&quot;touch_show_trigger&quot;:&quot;touch&quot;,&quot;responsive_breakpoint&quot;:&quot;1024px&quot;,&quot;responsive_breakpoint_unit&quot;:&quot;px&quot;,&quot;overlay_animation&quot;:&quot;fade&quot;,&quot;overlay_animation_onscreen&quot;:false,&quot;font_family&quot;:&quot;&quot;,&quot;text_size&quot;:&quot;15px&quot;,&quot;text_size_unit&quot;:&quot;px&quot;,&quot;text_color&quot;:&quot;#fff&quot;,&quot;text_padding&quot;:&quot;22px 22px 22px 22px&quot;,&quot;text_position&quot;:&quot;middle&quot;,&quot;text_align&quot;:&quot;left&quot;,&quot;text_animation&quot;:&quot;&quot;}\"\n\t\t>\t<div\n\t\tclass=\"sow-image-grid-wrapper\"\n\t\t\t\t\t>\n\t\t\t\t\t<div class=\"sow-image-grid-image\">\n\t\t\t\t\t\t\t\t\t\t\t\t<img loading=\"lazy\" decoding=\"async\" width=\"2560\" height=\"1920\" src=\"https:\/\/www.3maj.hr\/wp-content\/uploads\/2025\/05\/736-na-navozu-1-scaled.jpg\" class=\"sow-image-grid-image_html\" alt=\"\" title=\"736 na navozu &#8211; 1\" srcset=\"https:\/\/www.3maj.hr\/wp-content\/uploads\/2025\/05\/736-na-navozu-1-scaled.jpg 2560w, https:\/\/www.3maj.hr\/wp-content\/uploads\/2025\/05\/736-na-navozu-1-300x225.jpg 300w, https:\/\/www.3maj.hr\/wp-content\/uploads\/2025\/05\/736-na-navozu-1-1024x768.jpg 1024w, https:\/\/www.3maj.hr\/wp-content\/uploads\/2025\/05\/736-na-navozu-1-768x576.jpg 768w, https:\/\/www.3maj.hr\/wp-content\/uploads\/2025\/05\/736-na-navozu-1-1536x1152.jpg 1536w, https:\/\/www.3maj.hr\/wp-content\/uploads\/2025\/05\/736-na-navozu-1-2048x1536.jpg 2048w\" sizes=\"auto, (max-width: 2560px) 100vw, 2560px\" \/>\t\t\t\t\t\t\t\t\t\t\t<\/div>\n\t\t\t<\/div>\n<\/div><\/div><\/div><div id=\"pgc-gb15-69ff4208b6c7a-8-3\"  class=\"panel-grid-cell\" ><div id=\"panel-gb15-69ff4208b6c7a-8-3-0\" class=\"so-panel widget widget_sow-image-grid panel-first-child panel-last-child\" data-index=\"7\" ><div\n\t\t\t\n\t\t\tclass=\"so-widget-sow-image-grid so-widget-sow-image-grid-default-8bf08a9600e8-15\"\n\t\t\t data-overlay-enabled=\"1\" data-overlay-settings=\"{&quot;enabled_for_widgets&quot;:[&quot;sow-image&quot;,&quot;sow-image-grid&quot;,&quot;sow-simple-masonry&quot;],&quot;theme&quot;:&quot;&quot;,&quot;show_delay&quot;:300,&quot;overlay_color&quot;:&quot;#000000&quot;,&quot;overlay_opacity&quot;:0.8,&quot;overlay_position&quot;:&quot;bottom&quot;,&quot;overlay_size&quot;:0.3,&quot;desktop_show_trigger&quot;:&quot;hover&quot;,&quot;touch_show_trigger&quot;:&quot;touch&quot;,&quot;responsive_breakpoint&quot;:&quot;1024px&quot;,&quot;responsive_breakpoint_unit&quot;:&quot;px&quot;,&quot;overlay_animation&quot;:&quot;fade&quot;,&quot;overlay_animation_onscreen&quot;:false,&quot;font_family&quot;:&quot;&quot;,&quot;text_size&quot;:&quot;15px&quot;,&quot;text_size_unit&quot;:&quot;px&quot;,&quot;text_color&quot;:&quot;#fff&quot;,&quot;text_padding&quot;:&quot;22px 22px 22px 22px&quot;,&quot;text_position&quot;:&quot;middle&quot;,&quot;text_align&quot;:&quot;left&quot;,&quot;text_animation&quot;:&quot;&quot;}\"\n\t\t>\t<div\n\t\tclass=\"sow-image-grid-wrapper\"\n\t\t\t\t\t>\n\t\t\t\t\t<div class=\"sow-image-grid-image\">\n\t\t\t\t\t\t\t\t\t\t\t\t<img loading=\"lazy\" decoding=\"async\" width=\"1890\" height=\"2560\" src=\"https:\/\/www.3maj.hr\/wp-content\/uploads\/2025\/05\/736-u-opremnom-1-scaled.jpg\" class=\"sow-image-grid-image_html\" alt=\"\" title=\"736 u opremnom &#8211; 1\" srcset=\"https:\/\/www.3maj.hr\/wp-content\/uploads\/2025\/05\/736-u-opremnom-1-scaled.jpg 1890w, https:\/\/www.3maj.hr\/wp-content\/uploads\/2025\/05\/736-u-opremnom-1-221x300.jpg 221w, https:\/\/www.3maj.hr\/wp-content\/uploads\/2025\/05\/736-u-opremnom-1-756x1024.jpg 756w, https:\/\/www.3maj.hr\/wp-content\/uploads\/2025\/05\/736-u-opremnom-1-768x1040.jpg 768w, https:\/\/www.3maj.hr\/wp-content\/uploads\/2025\/05\/736-u-opremnom-1-1134x1536.jpg 1134w, https:\/\/www.3maj.hr\/wp-content\/uploads\/2025\/05\/736-u-opremnom-1-1512x2048.jpg 1512w\" sizes=\"auto, (max-width: 1890px) 100vw, 1890px\" \/>\t\t\t\t\t\t\t\t\t\t\t<\/div>\n\t\t\t<\/div>\n<\/div><\/div><\/div><\/div><\/div><\/div>\n\n\n<p><\/p>\n","protected":false},"excerpt":{"rendered":"<p>Vijadukt Dubra\u010dina &#8211; Crikvenica Vijadukt Dubra\u010dina, du\u017eine 360 metara i visine 36 metara, izgra\u0111en 1980 g. Specifi\u010dnosti:\u00a0 monta\u017ea pet \u010deli\u010dnih sekcija ukupno te\u0161kih 800 tona. Prva i peta sekcija postavljene su po sistemu porinu\u0107a, a ostale u sredini podignute su dizalicama. Radove izveo 3. MAJ.<\/p>\n","protected":false},"author":1,"featured_media":0,"parent":0,"menu_order":0,"comment_status":"closed","ping_status":"closed","template":"","meta":{"footnotes":""},"class_list":["post-15","page","type-page","status-publish","hentry","post"],"_links":{"self":[{"href":"https:\/\/www.3maj.hr\/index.php?rest_route=\/wp\/v2\/pages\/15","targetHints":{"allow":["GET"]}}],"collection":[{"href":"https:\/\/www.3maj.hr\/index.php?rest_route=\/wp\/v2\/pages"}],"about":[{"href":"https:\/\/www.3maj.hr\/index.php?rest_route=\/wp\/v2\/types\/page"}],"author":[{"embeddable":true,"href":"https:\/\/www.3maj.hr\/index.php?rest_route=\/wp\/v2\/users\/1"}],"replies":[{"embeddable":true,"href":"https:\/\/www.3maj.hr\/index.php?rest_route=%2Fwp%2Fv2%2Fcomments&post=15"}],"version-history":[{"count":6,"href":"https:\/\/www.3maj.hr\/index.php?rest_route=\/wp\/v2\/pages\/15\/revisions"}],"predecessor-version":[{"id":267,"href":"https:\/\/www.3maj.hr\/index.php?rest_route=\/wp\/v2\/pages\/15\/revisions\/267"}],"wp:attachment":[{"href":"https:\/\/www.3maj.hr\/index.php?rest_route=%2Fwp%2Fv2%2Fmedia&parent=15"}],"curies":[{"name":"wp","href":"https:\/\/api.w.org\/{rel}","templated":true}]}}