{"id":14,"date":"2025-04-30T11:03:47","date_gmt":"2025-04-30T11:03:47","guid":{"rendered":"https:\/\/testweb.3maj.hr\/?page_id=14"},"modified":"2025-07-07T13:48:11","modified_gmt":"2025-07-07T11:48:11","slug":"brodogradnja","status":"publish","type":"page","link":"https:\/\/www.3maj.hr\/?page_id=14","title":{"rendered":"Brodogradnja"},"content":{"rendered":"<div id=\"pl-gb14-69ff3047a03c6\"  class=\"panel-layout\" ><div id=\"pg-gb14-69ff3047a03c6-0\"  class=\"panel-grid panel-has-style\" ><div class=\"siteorigin-panels-stretch panel-row-style panel-row-style-for-gb14-69ff3047a03c6-0\" data-stretch-type=\"full-width-stretch\" ><div id=\"pgc-gb14-69ff3047a03c6-0-0\"  class=\"panel-grid-cell\" ><div id=\"panel-gb14-69ff3047a03c6-0-0-0\" class=\"so-panel widget widget_sow-hero panel-first-child panel-last-child\" data-index=\"0\" ><div\n\t\t\t\n\t\t\tclass=\"so-widget-sow-hero so-widget-sow-hero-default-f5daa7dc8328-14 so-widget-fittext-wrapper\"\n\t\t\t data-fit-text-compressor=\"0.75\"\n\t\t>\t\t\t\t<div class=\"sow-slider-base\" style=\"display: none\" tabindex=\"0\">\n\t\t\t\t\t<ul\n\t\t\t\t\tclass=\"sow-slider-images\"\n\t\t\t\t\tdata-settings=\"{&quot;pagination&quot;:true,&quot;speed&quot;:800,&quot;timeout&quot;:8000,&quot;paused&quot;:false,&quot;pause_on_hover&quot;:false,&quot;swipe&quot;:true,&quot;nav_always_show_desktop&quot;:&quot;&quot;,&quot;nav_always_show_mobile&quot;:&quot;&quot;,&quot;breakpoint&quot;:&quot;780px&quot;,&quot;unmute&quot;:false,&quot;anchor&quot;:null}\"\n\t\t\t\t\tstyle=\"min-height: 781px\"\t\t\t\t\tdata-anchor-id=\"\"\n\t\t\t\t>\t\t<li class=\"sow-slider-image  sow-slider-image-cover\" style=\"visibility: visible;;background-color: #333333;background-image: url(https:\/\/www.3maj.hr\/wp-content\/uploads\/2025\/05\/iskrcaj-motora-527-1-2048x922.jpg)\" >\n\t\t\t\t\t<div class=\"sow-slider-image-container\">\n\t\t\t<div class=\"sow-slider-image-wrapper\">\n\t\t\t\t<h1><\/h1>\n<h1><\/h1>\n<h1 style=\"text-align: center\">BRODOGRADNJA<\/h1>\n\t\t\t<\/div>\n\t\t<\/div>\n\t\t\t\t<\/li>\n\t\t<\/ul>\t\t\t\t<ol class=\"sow-slider-pagination\">\n\t\t\t\t\t\t\t\t\t\t\t<li><a href=\"#\" data-goto=\"0\" aria-label=\"Display slide 1\"><\/a><\/li>\n\t\t\t\t\t\t\t\t\t<\/ol>\n\n\t\t\t\t<div class=\"sow-slide-nav sow-slide-nav-next\">\n\t\t\t\t\t<a href=\"#\" data-goto=\"next\" aria-label=\"Next slide\" data-action=\"next\">\n\t\t\t\t\t\t<em class=\"sow-sld-icon-thin-right\"><\/em>\n\t\t\t\t\t<\/a>\n\t\t\t\t<\/div>\n\n\t\t\t\t<div class=\"sow-slide-nav sow-slide-nav-prev\">\n\t\t\t\t\t<a href=\"#\" data-goto=\"previous\" aria-label=\"Previous slide\" data-action=\"prev\">\n\t\t\t\t\t\t<em class=\"sow-sld-icon-thin-left\"><\/em>\n\t\t\t\t\t<\/a>\n\t\t\t\t<\/div>\n\t\t\t\t<\/div><\/div><\/div><\/div><\/div><\/div><div id=\"pg-gb14-69ff3047a03c6-1\"  class=\"panel-grid panel-no-style\" ><div id=\"pgc-gb14-69ff3047a03c6-1-0\"  class=\"panel-grid-cell\" ><div id=\"panel-gb14-69ff3047a03c6-1-0-0\" class=\"so-panel widget widget_sow-editor panel-first-child\" data-index=\"1\" ><div class=\"panel-widget-style panel-widget-style-for-gb14-69ff3047a03c6-1-0-0\" ><div\n\t\t\t\n\t\t\tclass=\"so-widget-sow-editor so-widget-sow-editor-base\"\n\t\t\t\n\t\t>\n<div class=\"siteorigin-widget-tinymce textwidget\">\n\t<p>Na\u0161a tvrtka specijalizirana je za visokokvalitetne usluge u podru\u010dju brodogradnje i brodoremonta, s naglaskom na inovaciju, pouzdanost i prilagodbu potrebama klijenata. Pouzdan smo partner u realizaciji projekata novih plovila, dovr\u0161enja, rekonstrukcija, modernizacija i redovitih remonta, s kapacitetima koji zadovoljavaju kako manje projekte tako i zahtjevne brodove za komercijalne i industrijske potrebe.<\/p>\n<\/div>\n<\/div><\/div><\/div><div id=\"panel-gb14-69ff3047a03c6-1-0-1\" class=\"so-panel widget widget_sow-editor panel-last-child\" data-index=\"2\" ><div class=\"panel-widget-style panel-widget-style-for-gb14-69ff3047a03c6-1-0-1\" ><div\n\t\t\t\n\t\t\tclass=\"so-widget-sow-editor so-widget-sow-editor-base\"\n\t\t\t\n\t\t>\n<div class=\"siteorigin-widget-tinymce textwidget\">\n\t<h4><strong>Za\u0161to odabrati 3. MAJ Rijeka 1905 d.o.o.<\/strong><\/h4>\n<ul>\n<li style=\"list-style-type: none;\">\n<ul>\n<li>Dugogodi\u0161nje iskustvo u sektoru brodogradnje<\/li>\n<li>Vlastiti tim ljudi i proizvodni kapaciteti<\/li>\n<li>Geografski polo\u017eaj<\/li>\n<li>Fleksibilnost i individualan pristup svakom klijentu<\/li>\n<li>Fokus na inovacije i odr\u017eiva rje\u0161enja<\/li>\n<\/ul>\n<\/li>\n<\/ul>\n<h4><strong>Kapaciteti i tehni\u010dka opremljenost<\/strong><\/h4>\n<p>Na\u0161 brodogradili\u0161ni pogon obuhva\u0107a:<\/p>\n<ul>\n<li>2 navoza sa kojih su mogu\u0107a porinu\u0107a brodova do 260 m duljine (10300 m<sup>2<\/sup>) isti su pokriveni portalnom dizalicom nosivorti 300 t,<\/li>\n<li>Hale opremljene za rad i radne povr\u0161ine za obradu, predmonta\u017eu i monta\u017eu velikih blokova (32000 m<sup>2<\/sup>),<\/li>\n<li>Korozijska za\u0161tita \u2013 priprema povr\u0161ine (sa\u010dmarenje) i apliciranje premaza u kontroliranim uvjetima:\n<ul>\n<li>Hala 1 za abrazivno \u010di\u0161\u0107enje (818 m<sup>2<\/sup>)<\/li>\n<li>Hala 2 za bojenje (799 m<sup>2<\/sup>)<\/li>\n<li>Hala 3 za bojenje (818 m<sup>2<\/sup>)<\/li>\n<\/ul>\n<\/li>\n<li>Operativna obala na kojoj je mogu\u0107e opremanje plovila do 260 metara duljine.<\/li>\n<\/ul>\n<p>Raspola\u017eemo vlastitim timovima in\u017eenjera, brodomontera, zavariva\u010da, strojobravara i elektri\u010dara, \u0161to nam omogu\u0107uje brzo i kvalitetno izvo\u0111enje svih radova, uklju\u010duju\u0107i:<\/p>\n<ul>\n<li>Gradnja novih plovila<\/li>\n<li>Remont i odr\u017eavanje komercijalnih i turisti\u010dkih plovila<\/li>\n<li>Ugradnja i modernizacija brodske opreme i sustava<\/li>\n<\/ul>\n<h4><strong>Iskustvo i reference<\/strong><strong> &#8211; Posebno isti\u010deno nove i nedavno realizirane projekte<\/strong><\/h4>\n<p>Na\u0161i su projekti na\u0161 najbolji marketing \u2013 kvaliteta izrade, po\u0161tivanje rokova i transparentna komunikacija u\u010dvrstili su na\u0161u poziciju kao pouzdanog brodogra\u0111evnog partnera. S obzirom na na\u0161u stru\u010dnost, inovacije i povijest uspje\u0161nih projekata, u mogu\u0107nosti smo ponuditi visoku kvalitetu usluga i proizvoda za razli\u010dite sektore tr\u017ei\u0161ta brodogradnje. Iza nas su brojni uspje\u0161no realizirani projekti, kako u doma\u0107em tako i u inozemnom tr\u017ei\u0161tu.<\/p>\n<\/div>\n<\/div><\/div><\/div><\/div><\/div><div id=\"pg-gb14-69ff3047a03c6-2\"  class=\"panel-grid panel-has-style\" ><div class=\"siteorigin-panels-stretch panel-row-style panel-row-style-for-gb14-69ff3047a03c6-2\" id=\"parallax\" data-stretch-type=\"full-width-stretch\" ><div id=\"pgc-gb14-69ff3047a03c6-2-0\"  class=\"panel-grid-cell panel-grid-cell-empty\" ><\/div><\/div><\/div><div id=\"pg-gb14-69ff3047a03c6-3\"  class=\"panel-grid panel-no-style\" ><div id=\"pgc-gb14-69ff3047a03c6-3-0\"  class=\"panel-grid-cell\" ><div id=\"panel-gb14-69ff3047a03c6-3-0-0\" class=\"so-panel widget widget_sow-editor panel-first-child panel-last-child\" data-index=\"3\" ><div class=\"panel-widget-style panel-widget-style-for-gb14-69ff3047a03c6-3-0-0\" ><div\n\t\t\t\n\t\t\tclass=\"so-widget-sow-editor so-widget-sow-editor-base\"\n\t\t\t\n\t\t>\n<div class=\"siteorigin-widget-tinymce textwidget\">\n\t<h1>Posebno isti\u010demo nedavne projekte:<\/h1>\n<h4><strong>Gradnja 739<\/strong><\/h4>\n<h4><strong>IKON POLAR DISCOVERY PASSENGER SHIP\u00a0 L=205,2m B=24m<\/strong><\/h4>\n<div class=\"syno-o-doc-pm-line\">\n<div class=\"syno-o-doc-pm-line-location\">\n<div class=\"syno-o-doc-pm-line-content\"><span data-syno-text=\"true\">Brod\u00a0<\/span><span data-syno-text=\"true\">\u00a0\u0107e\u00a0biti\u00a0izgra\u0111en\u00a0kao\u00a0luksuzan,\u00a0moderan\u00a0brod\u00a0za\u00a0putni\u010dko\u00a0krstarenje,\u00a0plovidbu<\/span><span data-syno-text=\"true\">\u00a0<\/span><span data-syno-text=\"true\">i <\/span><span data-syno-text=\"true\">polarna\u00a0istra\u017eivanja<\/span><span data-syno-text=\"true\">\u00a0diljem\u00a0svijeta,\u00a0uklju\u010duju\u0107i\u00a0polarna\u00a0i\u00a0tropska\u00a0podru\u010dja<\/span><span data-syno-text=\"true\">,\u00a0<\/span><span data-syno-text=\"true\">te rasponima\u00a0 <\/span><span data-syno-text=\"true\">temperature\u00a0mora\u00a0od\u00a0-2\u00a0do\u00a0+32\u00a0stupnjeva\u00a0celzijusa<\/span><span data-syno-text=\"true\">.\u00a0<\/span><span data-syno-text=\"true\">Brod\u00a0\u0107e\u00a0opslu\u017eivati\u00a02<\/span><span data-syno-text=\"true\">20 \u010dlanova\u00a0<\/span><span data-syno-text=\"true\">posade\u00a0te\u00a0je\u00a0sposoban<\/span><span data-syno-text=\"true\">\u00a0primiti\u00a0268\u00a0putni<\/span><span data-syno-text=\"true\">ka. Putnici\u00a0\u00a0\u0107e mo\u0107i u\u017eivati u udobnom,\u00a0<\/span><span data-syno-text=\"true\">prostranom,\u00a0prakti\u010dnom,\u00a0sigur<\/span><span data-syno-text=\"true\">nom\u00a0<\/span><span data-syno-text=\"true\">i\u00a0ekolo\u0161ki\u00a0prihvatljivom\u00a0brodu<\/span><span data-syno-text=\"true\">,<\/span><span data-syno-text=\"true\"> koji\u00a0mo\u017ee\u00a0prolaziti\u00a0<\/span><span data-syno-text=\"true\">kroz\u00a0Sueski\u00a0i\u00a0Panamski\u00a0kanal.\u00a0Puna\u00a0nosivost\u00a0broda\u00a0je\u00a01850\u00a0t.<\/span><span data-syno-text=\"true\"> Putnicima\u00a0\u0107e\u00a0biti\u00a0na\u00a0<\/span><span data-syno-text=\"true\">raspolaganju ukupno 142 kabine. Brod pogone 4 dizel motora srednje brzine. Motori su\u00a0<\/span><span data-syno-text=\"true\">4-taktni,\u00a0<\/span><span data-syno-text=\"true\">nereverzibilni<\/span><span data-syno-text=\"true\">\u00a0s\u00a0turbopunja\u010dem\u00a0i\u00a0<\/span><span data-syno-text=\"true\">me\u0111uhla\u0111enjem<\/span><span data-syno-text=\"true\">.<\/span><\/div>\n<\/div>\n<\/div>\n<\/div>\n<\/div><\/div><\/div><\/div><\/div><div id=\"pg-gb14-69ff3047a03c6-4\"  class=\"panel-grid panel-has-style\" ><div class=\"siteorigin-panels-stretch panel-row-style panel-row-style-for-gb14-69ff3047a03c6-4\" id=\"parallax\" data-stretch-type=\"full-width-stretch\" ><div id=\"pgc-gb14-69ff3047a03c6-4-0\"  class=\"panel-grid-cell panel-grid-cell-empty\" ><\/div><\/div><\/div><div id=\"pg-gb14-69ff3047a03c6-5\"  class=\"panel-grid panel-no-style\" ><div id=\"pgc-gb14-69ff3047a03c6-5-0\"  class=\"panel-grid-cell\" ><div id=\"panel-gb14-69ff3047a03c6-5-0-0\" class=\"so-panel widget widget_sow-editor panel-first-child panel-last-child\" data-index=\"4\" ><div class=\"panel-widget-style panel-widget-style-for-gb14-69ff3047a03c6-5-0-0\" ><div\n\t\t\t\n\t\t\tclass=\"so-widget-sow-editor so-widget-sow-editor-base\"\n\t\t\t\n\t\t>\n<div class=\"siteorigin-widget-tinymce textwidget\">\n\t<h4><strong>Gradnja 734<\/strong><\/h4>\n<h4><strong>SCENIC\u00a0ECLIPSE\u00a0II\u00a0L=168m\u00a0B=21,5m<\/strong><\/h4>\n<div class=\"syno-o-doc-pm-line\">\n<div class=\"syno-o-doc-pm-line-location\">\n<div class=\"syno-o-doc-pm-line-content\">\n<div class=\"syno-o-doc-pm-line\">\n<div class=\"syno-o-doc-pm-line-location\">\n<div class=\"syno-o-doc-pm-line-content\"><span data-syno-text=\"true\">Brod\u00a0<\/span><span data-syno-text=\"true\">je<\/span><span data-syno-text=\"true\"> izgra\u0111en\u00a0kao\u00a0luksuzni,\u00a0<\/span><span data-syno-text=\"true\">moderni\u00a0polarni\u00a0<\/span><span data-syno-text=\"true\">kruzer<\/span><span data-syno-text=\"true\">, namijenjen za plovidbu diljem svijeta uklju\u010duju\u0107i polarno i\u00a0<\/span><span data-syno-text=\"true\">tropsko\u00a0<\/span><span data-syno-text=\"true\">podru\u010dje,\u00a0te\u00a0rasponima\u00a0<\/span><span data-syno-text=\"true\">tem<\/span><span data-syno-text=\"true\">.\u00a0mora<\/span><span data-syno-text=\"true\">\u00a0od\u00a0minus\u00a02\u00a0do\u00a0plus\u00a032\u00a0stupnjeva\u00a0celzijusa.\u00a0<\/span><\/div>\n<\/div>\n<\/div>\n<div class=\"syno-o-doc-pm-line\">\n<div class=\"syno-o-doc-pm-line-location\">\n<div class=\"syno-o-doc-pm-line-content\"><span data-syno-text=\"true\">Brod je dizajniran kao udoban, efikasan, prostran, siguran, prakti\u010dan. Svrstavamo ga u\u00a0<\/span>kategoriju POLAR DISCOVERY PASSENGER SHIP. Brod omogu\u0107ava plovidbu kroz\u00a0<span data-syno-text=\"true\">Sueski\u00a0i\u00a0Panamski\u00a0kanal.<\/span><span data-syno-text=\"true\">\u00a0<\/span><span data-syno-text=\"true\">Puna\u00a0nosivost\u00a0broda\u00a0je<\/span><span data-syno-text=\"true\">\u00a0<\/span><span data-syno-text=\"true\">1550 tona. Brod \u0107e opslu\u017eivati 172\u00a0<\/span><span data-syno-text=\"true\">\u010dlana\u00a0posade\u00a0\u00a0te\u00a0mo\u017ee\u00a0primiti<\/span><span data-syno-text=\"true\">\u00a0<\/span><span data-syno-text=\"true\">237\u00a0putnika<\/span><span data-syno-text=\"true\">,<\/span><span data-syno-text=\"true\">\u00a0kojima\u00a0\u0107e\u00a0biti\u00a0na\u00a0raspolaganju\u00a0114\u00a0kabina.<\/span> <span data-syno-text=\"true\">Brod\u00a0pogone\u00a04\u00a0dizel\u00a0motora\u00a0srednje\u00a0brzine.\u00a0Motori\u00a0su\u00a04-taktni,\u00a0<\/span><span data-syno-text=\"true\">nereverzibilni<\/span><span data-syno-text=\"true\"> s\u00a0<\/span><span data-syno-text=\"true\">turbopunja\u010dem\u00a0i\u00a0<\/span><span data-syno-text=\"true\">me\u0111uhla\u0111enjem<\/span><span data-syno-text=\"true\">.<\/span><\/div>\n<\/div>\n<\/div>\n<\/div>\n<\/div>\n<\/div>\n<\/div>\n<\/div><\/div><\/div><\/div><\/div><div id=\"pg-gb14-69ff3047a03c6-6\"  class=\"panel-grid panel-has-style\" ><div class=\"siteorigin-panels-stretch panel-row-style panel-row-style-for-gb14-69ff3047a03c6-6\" id=\"parallax\" data-stretch-type=\"full-width-stretch\" ><div id=\"pgc-gb14-69ff3047a03c6-6-0\"  class=\"panel-grid-cell panel-grid-cell-empty\" ><\/div><\/div><\/div><div id=\"pg-gb14-69ff3047a03c6-7\"  class=\"panel-grid panel-no-style\" ><div id=\"pgc-gb14-69ff3047a03c6-7-0\"  class=\"panel-grid-cell\" ><div id=\"panel-gb14-69ff3047a03c6-7-0-0\" class=\"so-panel widget widget_sow-editor panel-first-child panel-last-child\" data-index=\"5\" ><div class=\"panel-widget-style panel-widget-style-for-gb14-69ff3047a03c6-7-0-0\" ><div\n\t\t\t\n\t\t\tclass=\"so-widget-sow-editor so-widget-sow-editor-base\"\n\t\t\t\n\t\t>\n<div class=\"siteorigin-widget-tinymce textwidget\">\n\t<h4><strong>Gradnja 732 <\/strong>Innovator; <strong>733 <\/strong>Intrepid Equinox<\/h4>\n<p>650\u2019 class self-unloading bulk carrier\u00a0 L=198,35 m B=23,77 m nosivosti 24.900 tona.<\/p>\n<div class=\"syno-o-doc-pm-line\">\n<div class=\"syno-o-doc-pm-line-location\">\n<div class=\"syno-o-doc-pm-line-content\"><span data-syno-text=\"true\">Brod\u00a0je\u00a0<\/span><span data-syno-text=\"true\">namjenjen<\/span><span data-syno-text=\"true\"> prijevozu\u00a0suhog\u00a0<\/span><span data-syno-text=\"true\">rasutog\u00a0tereta:\u017eito,\u00a0ugljen\u00a0\u017eeljezna\u00a0ruda\u010da,\u00a0sol,\u00a0kamen\u00a0<\/span><span data-syno-text=\"true\">itd<\/span><span data-syno-text=\"true\">, s integriranim sustavom za\u00a0<\/span><span data-syno-text=\"true\">s<\/span><span data-syno-text=\"true\">amoiskrcaj<\/span><span data-syno-text=\"true\">.\u00a0<\/span><\/div>\n<div class=\"syno-o-doc-pm-line-content\"><span data-syno-text=\"true\">Podru\u010dje\u00a0slu\u017ebe\u00a0su\u00a0V<\/span><span data-syno-text=\"true\">elika\u00a0jezera\u00a0i\u00a0rijeka\u00a0<\/span><span data-syno-text=\"true\">St.Lowrence<\/span><span data-syno-text=\"true\">\u00a0(Kanada).\u00a0\u00a0<\/span><\/div>\n<div class=\"syno-o-doc-pm-line-content\"><span data-syno-text=\"true\">Sustav <\/span><span data-syno-text=\"true\">samoiskrcaja<\/span><span data-syno-text=\"true\"> je\u00a0dizajniran\u00a0za\u00a0maksimalnu\u00a0brzinu\u00a0istovara\u00a0od\u00a05450\u00a0tona\/h\u00a0kamene\u00a0ili\u00a0<\/span><span data-syno-text=\"true\">\u017eeljezne<\/span><span data-syno-text=\"true\">\u00a0rude\u00a0i\u00a03000\u00a0t<\/span><span data-syno-text=\"true\">\u00a0ugljena\u00a0po\u00a0satu.\u00a0<\/span><span data-syno-text=\"true\">Glavni\u00a0motor\u00a0je<\/span><span data-syno-text=\"true\">\u00a0dvotaktni,\u00a0<\/span><span data-syno-text=\"true\">nereverzibilni<\/span> <span data-syno-text=\"true\">WARTSILA<\/span><span data-syno-text=\"true\">\u00a05\u00a0RT-<\/span><span data-syno-text=\"true\">flex<\/span><span data-syno-text=\"true\">\u00a050D.<\/span><span data-syno-text=\"true\">\u00a0Brzina\u00a0je\u00a014\u00a0\u010dvorova.<\/span><\/div>\n<\/div>\n<\/div>\n<\/div>\n<\/div><\/div><\/div><\/div><\/div><div id=\"pg-gb14-69ff3047a03c6-8\"  class=\"panel-grid panel-has-style\" ><div class=\"siteorigin-panels-stretch panel-row-style panel-row-style-for-gb14-69ff3047a03c6-8\" id=\"parallax\" data-stretch-type=\"full-width-stretch\" ><div id=\"pgc-gb14-69ff3047a03c6-8-0\"  class=\"panel-grid-cell panel-grid-cell-empty\" ><div id=\"parallax\" class=\"panel-cell-style panel-cell-style-for-gb14-69ff3047a03c6-8-0\" ><\/div><\/div><\/div><\/div><div id=\"pg-gb14-69ff3047a03c6-9\"  class=\"panel-grid panel-no-style\" ><div id=\"pgc-gb14-69ff3047a03c6-9-0\"  class=\"panel-grid-cell\" ><div id=\"panel-gb14-69ff3047a03c6-9-0-0\" class=\"so-panel widget widget_sow-editor panel-first-child panel-last-child\" data-index=\"6\" ><div class=\"panel-widget-style panel-widget-style-for-gb14-69ff3047a03c6-9-0-0\" ><div\n\t\t\t\n\t\t\tclass=\"so-widget-sow-editor so-widget-sow-editor-base\"\n\t\t\t\n\t\t>\n<div class=\"siteorigin-widget-tinymce textwidget\">\n\t<h4><strong>Gradnja 527<\/strong> Endeavour Equinox<\/h4>\n<p>650\u2019 class self unloading bulk carrier \u2013 L= 225,5 m B=23,77 m nosivosti 29.300 t.<\/p>\n<div class=\"syno-o-doc-pm-line\">\n<div class=\"syno-o-doc-pm-line-location\">\n<div class=\"syno-o-doc-pm-line-content\"><span data-syno-text=\"true\">Brod je namijenjen prijevozu suhog rasutog tereta sa\u00a0<\/span><span data-syno-text=\"true\">integriranim\u00a0sustavom\u00a0za\u00a0<\/span><span data-syno-text=\"true\">samoiskrcaj<\/span><span data-syno-text=\"true\">.<\/span><span data-syno-text=\"true\">\u00a0<\/span><span data-syno-text=\"true\">Sustav\u00a0<\/span><span data-syno-text=\"true\">samoiskrcaja<\/span><span data-syno-text=\"true\"> je\u00a0dizajniran\u00a0za\u00a0maksimalnu\u00a0<\/span><span data-syno-text=\"true\">brzinu\u00a0istovara\u00a0<\/span><span data-syno-text=\"true\">od<\/span><span data-syno-text=\"true\">\u00a05450\u00a0t\/<\/span><span data-syno-text=\"true\">hr<\/span><span data-syno-text=\"true\">\u00a0kamene\u00a0ili\u00a0\u017eeljezne\u00a0rude\u00a0i\u00a03000\u00a0t\/<\/span><span data-syno-text=\"true\">hr<\/span><span data-syno-text=\"true\">\u00a0ugljena.<\/span><span data-syno-text=\"true\">\u00a0<\/span><span data-syno-text=\"true\">Brod\u00a0je\u00a0\u00a0du\u017ei\u00a0<\/span> <span data-syno-text=\"true\">od\u00a0GR.732;733<\/span><span data-syno-text=\"true\">\u00a0za\u00a0jedno\u00a0skladi\u0161te\u00a0i\u00a0<\/span><span data-syno-text=\"true\">prakti\u010dki\u00a0je\u00a0\u201e<\/span><span data-syno-text=\"true\">sister<\/span><span data-syno-text=\"true\">\u201c\u00a0<\/span><span data-syno-text=\"true\">ship<\/span><span data-syno-text=\"true\"> sa\u00a0G.\u00a0732.\u00a0<\/span><\/div>\n<div class=\"syno-o-doc-pm-line-content\"><span data-syno-text=\"true\">Podru\u010dje\u00a0rada\u00a0<\/span><span data-syno-text=\"true\">broda\u00a0su\u00a0Velika\u00a0jezera\u00a0i\u00a0rijeka\u00a0St.\u00a0<\/span><span data-syno-text=\"true\">Lowrence<\/span><span data-syno-text=\"true\">\u00a0u\u00a0Kanadi.\u00a0<\/span><span data-syno-text=\"true\">Glavni\u00a0motor\u00a0je<\/span><span data-syno-text=\"true\"> dvotaktni,\u00a0<\/span><span data-syno-text=\"true\">nereverzibilni<\/span><span data-syno-text=\"true\">\u00a0<\/span><span data-syno-text=\"true\">WARTSILA<\/span><span data-syno-text=\"true\">\u00a05\u00a0RT-<\/span><span data-syno-text=\"true\">flex<\/span><span data-syno-text=\"true\">\u00a050D.<\/span><span data-syno-text=\"true\">\u00a0Brzina\u00a0je\u00a014\u00a0\u010dvorova.<\/span><\/div>\n<\/div>\n<\/div>\n<\/div>\n<\/div><\/div><\/div><\/div><\/div><div id=\"pg-gb14-69ff3047a03c6-10\"  class=\"panel-grid panel-has-style\" ><div class=\"siteorigin-panels-stretch panel-row-style panel-row-style-for-gb14-69ff3047a03c6-10\" id=\"parallax\" data-stretch-type=\"full-width-stretch\" ><div id=\"pgc-gb14-69ff3047a03c6-10-0\"  class=\"panel-grid-cell panel-grid-cell-empty\" ><div id=\"parallax\" class=\"panel-cell-style panel-cell-style-for-gb14-69ff3047a03c6-10-0\" ><\/div><\/div><\/div><\/div><div id=\"pg-gb14-69ff3047a03c6-11\"  class=\"panel-grid panel-no-style\" ><div id=\"pgc-gb14-69ff3047a03c6-11-0\"  class=\"panel-grid-cell\" ><div id=\"panel-gb14-69ff3047a03c6-11-0-0\" class=\"so-panel widget widget_sow-editor panel-first-child panel-last-child\" data-index=\"7\" ><div class=\"panel-widget-style panel-widget-style-for-gb14-69ff3047a03c6-11-0-0\" ><div\n\t\t\t\n\t\t\tclass=\"so-widget-sow-editor so-widget-sow-editor-base\"\n\t\t\t\n\t\t>\n<div class=\"siteorigin-widget-tinymce textwidget\">\n\t<h4><strong>Gradnja 735; Gradnja 736<\/strong><\/h4>\n<p>Ponton<\/p>\n<div class=\"syno-o-doc-pm-line\">\n<div class=\"syno-o-doc-pm-line-location\">\n<div class=\"syno-o-doc-pm-line-content\">\n<div class=\"syno-o-doc-pm-line\">\n<div class=\"syno-o-doc-pm-line-location\">\n<div class=\"syno-o-doc-pm-line-content\"><span data-syno-text=\"true\">Gr<\/span><span data-syno-text=\"true\">a<\/span><span data-syno-text=\"true\">dnje<\/span><span data-syno-text=\"true\">\u00a0735\u00a0i\u00a0736<\/span><span data-syno-text=\"true\">\u00a0su\u00a0dva\u00a0pontona\u00a0(od\u00a0ukupno\u00a09)<\/span><span data-syno-text=\"true\">\u00a0<\/span><span data-syno-text=\"true\"> za\u00a0Dok\u00a011\u00a0u\u00a0brodogradili\u0161tu\u00a0Viktor\u00a0<\/span><span data-syno-text=\"true\">Lenac<\/span><span data-syno-text=\"true\">,\u00a0nosivosti\u00a0<\/span><span data-syno-text=\"true\">65<\/span><span data-syno-text=\"true\">000t<\/span><span data-syno-text=\"true\">,\u00a0<\/span><span data-syno-text=\"true\">du\u017eina pontona je 78m, \u0161irina je 25m, a visina iznad osnovne <\/span>linije\u00a08,5m.<\/div>\n<\/div>\n<\/div>\n<\/div>\n<\/div>\n<\/div>\n<\/div>\n<\/div><\/div><\/div><\/div><\/div><\/div>","protected":false},"excerpt":{"rendered":"<p>Na\u0161a tvrtka specijalizirana je za visokokvalitetne usluge u podru\u010dju brodogradnje i brodoremonta, s naglaskom na inovaciju, pouzdanost i prilagodbu potrebama klijenata. Pouzdan smo partner u realizaciji projekata novih plovila, dovr\u0161enja, rekonstrukcija, modernizacija i redovitih remonta, s kapacitetima koji zadovoljavaju kako manje projekte tako i zahtjevne brodove za komercijalne i industrijske potrebe. Za\u0161to odabrati 3. MAJ [&hellip;]<\/p>\n","protected":false},"author":1,"featured_media":0,"parent":0,"menu_order":0,"comment_status":"closed","ping_status":"closed","template":"","meta":{"footnotes":""},"class_list":["post-14","page","type-page","status-publish","hentry","post"],"_links":{"self":[{"href":"https:\/\/www.3maj.hr\/index.php?rest_route=\/wp\/v2\/pages\/14","targetHints":{"allow":["GET"]}}],"collection":[{"href":"https:\/\/www.3maj.hr\/index.php?rest_route=\/wp\/v2\/pages"}],"about":[{"href":"https:\/\/www.3maj.hr\/index.php?rest_route=\/wp\/v2\/types\/page"}],"author":[{"embeddable":true,"href":"https:\/\/www.3maj.hr\/index.php?rest_route=\/wp\/v2\/users\/1"}],"replies":[{"embeddable":true,"href":"https:\/\/www.3maj.hr\/index.php?rest_route=%2Fwp%2Fv2%2Fcomments&post=14"}],"version-history":[{"count":11,"href":"https:\/\/www.3maj.hr\/index.php?rest_route=\/wp\/v2\/pages\/14\/revisions"}],"predecessor-version":[{"id":307,"href":"https:\/\/www.3maj.hr\/index.php?rest_route=\/wp\/v2\/pages\/14\/revisions\/307"}],"wp:attachment":[{"href":"https:\/\/www.3maj.hr\/index.php?rest_route=%2Fwp%2Fv2%2Fmedia&parent=14"}],"curies":[{"name":"wp","href":"https:\/\/api.w.org\/{rel}","templated":true}]}}