{"id":11,"date":"2025-04-30T11:03:42","date_gmt":"2025-04-30T11:03:42","guid":{"rendered":"https:\/\/testweb.3maj.hr\/?page_id=11"},"modified":"2025-06-13T15:31:34","modified_gmt":"2025-06-13T13:31:34","slug":"povijest","status":"publish","type":"page","link":"https:\/\/www.3maj.hr\/?page_id=11","title":{"rendered":"Povijest"},"content":{"rendered":"<div id=\"pl-gb11-69ff431b3471d\"  class=\"panel-layout\" ><div id=\"pg-gb11-69ff431b3471d-0\"  class=\"panel-grid panel-no-style\" ><div id=\"pgc-gb11-69ff431b3471d-0-0\"  class=\"panel-grid-cell\" ><div id=\"panel-gb11-69ff431b3471d-0-0-0\" class=\"so-panel widget widget_sow-hero panel-first-child panel-last-child\" data-index=\"0\" ><div\n\t\t\t\n\t\t\tclass=\"so-widget-sow-hero so-widget-sow-hero-default-d9929ef9cfc0-11 so-widget-fittext-wrapper\"\n\t\t\t data-fit-text-compressor=\"0.85\"\n\t\t>\t\t\t\t<div class=\"sow-slider-base\" style=\"display: none\" tabindex=\"0\">\n\t\t\t\t\t<ul\n\t\t\t\t\tclass=\"sow-slider-images\"\n\t\t\t\t\tdata-settings=\"{&quot;pagination&quot;:true,&quot;speed&quot;:400,&quot;timeout&quot;:8000,&quot;paused&quot;:false,&quot;pause_on_hover&quot;:false,&quot;swipe&quot;:true,&quot;nav_always_show_desktop&quot;:&quot;&quot;,&quot;nav_always_show_mobile&quot;:&quot;&quot;,&quot;breakpoint&quot;:&quot;780px&quot;,&quot;unmute&quot;:false,&quot;anchor&quot;:null}\"\n\t\t\t\t\t\t\t\t\t\tdata-anchor-id=\"\"\n\t\t\t\t>\t\t<li class=\"sow-slider-image\" style=\"visibility: visible;;background-color: rgba(255,255,255,0)\" >\n\t\t\t\t\t<div class=\"sow-slider-image-container\">\n\t\t\t<div class=\"sow-slider-image-wrapper\">\n\t\t\t\t<p>3.MAJ Rijeka 1905. d.o.o. nastavlja tradiciju brodogradnje na ovom prostoru za koje prvi zapisi potje\u010du ve\u0107 iz polovice 17. stolje\u0107a a da bi svoj puni zamah doblili 1892. osnivanjem brodogradili\u0161ta Howalth te 1905. osnivanjem brodogradili\u0161ta Danubius. Od tada pa sve do danas, u 120 godina brodogradnje na postoje\u0107oj lokaciji, kontinuirano se grade brodovi,\u00a0 razvija industrija vezana za brodogradnju i stvara industrijska tradicija koju ba\u0161tinimo i danas.<\/p>\n<p>&nbsp;<\/p>\n<p>U dugoj povijesti s brojnim povijesnim previranjima, usponima i padovima, ali jo\u0161 vi\u0161e i s tehni\u010dkim, tehnolo\u0161kim, obrazovnom i cjelokupnom dru\u0161tvenim napretkom koji je poticala brodogradnja, obilje\u017een je \u017eivot grada Rijeke, njenih brodograditelja i njihovih obitelji.<\/p>\n<p>&nbsp;<\/p>\n<p>Brojni plovni objekti koji su realizirani na ovoj lokaciji prepoznati su na svjetskom brodogra\u0111evnom tr\u017ei\u0161u kao iznimni projekti i nose sa sobom prepoznatljivost grada Rijeke i Hrvatske u cijelom svijetu.<\/p>\n<p>&nbsp;<\/p>\n<p>Ponosni smo na na\u0161u povijest, tradiciju i vrijednosti, cijenimo na\u0161u prepoznatljivost na tr\u017ei\u0161tu i nastavljamo s brodogradnjom koja ima du\u0161u i njezinim potencijalom za razvoj u vremenu koje dolazi.<\/p>\n\t\t\t<\/div>\n\t\t<\/div>\n\t\t\t\t<\/li>\n\t\t<\/ul>\t\t\t\t<ol class=\"sow-slider-pagination\">\n\t\t\t\t\t\t\t\t\t\t\t<li><a href=\"#\" data-goto=\"0\" aria-label=\"Display slide 1\"><\/a><\/li>\n\t\t\t\t\t\t\t\t\t<\/ol>\n\n\t\t\t\t<div class=\"sow-slide-nav sow-slide-nav-next\">\n\t\t\t\t\t<a href=\"#\" data-goto=\"next\" aria-label=\"Next slide\" data-action=\"next\">\n\t\t\t\t\t\t<em class=\"sow-sld-icon-thin-right\"><\/em>\n\t\t\t\t\t<\/a>\n\t\t\t\t<\/div>\n\n\t\t\t\t<div class=\"sow-slide-nav sow-slide-nav-prev\">\n\t\t\t\t\t<a href=\"#\" data-goto=\"previous\" aria-label=\"Previous slide\" data-action=\"prev\">\n\t\t\t\t\t\t<em class=\"sow-sld-icon-thin-left\"><\/em>\n\t\t\t\t\t<\/a>\n\t\t\t\t<\/div>\n\t\t\t\t<\/div><\/div><\/div><\/div><\/div><\/div>","protected":false},"excerpt":{"rendered":"","protected":false},"author":1,"featured_media":0,"parent":0,"menu_order":0,"comment_status":"closed","ping_status":"closed","template":"","meta":{"footnotes":""},"class_list":["post-11","page","type-page","status-publish","hentry","post"],"_links":{"self":[{"href":"https:\/\/www.3maj.hr\/index.php?rest_route=\/wp\/v2\/pages\/11","targetHints":{"allow":["GET"]}}],"collection":[{"href":"https:\/\/www.3maj.hr\/index.php?rest_route=\/wp\/v2\/pages"}],"about":[{"href":"https:\/\/www.3maj.hr\/index.php?rest_route=\/wp\/v2\/types\/page"}],"author":[{"embeddable":true,"href":"https:\/\/www.3maj.hr\/index.php?rest_route=\/wp\/v2\/users\/1"}],"replies":[{"embeddable":true,"href":"https:\/\/www.3maj.hr\/index.php?rest_route=%2Fwp%2Fv2%2Fcomments&post=11"}],"version-history":[{"count":3,"href":"https:\/\/www.3maj.hr\/index.php?rest_route=\/wp\/v2\/pages\/11\/revisions"}],"predecessor-version":[{"id":268,"href":"https:\/\/www.3maj.hr\/index.php?rest_route=\/wp\/v2\/pages\/11\/revisions\/268"}],"wp:attachment":[{"href":"https:\/\/www.3maj.hr\/index.php?rest_route=%2Fwp%2Fv2%2Fmedia&parent=11"}],"curies":[{"name":"wp","href":"https:\/\/api.w.org\/{rel}","templated":true}]}}