{"id":10,"date":"2025-04-30T11:03:41","date_gmt":"2025-04-30T11:03:41","guid":{"rendered":"https:\/\/testweb.3maj.hr\/?page_id=10"},"modified":"2025-06-05T12:36:30","modified_gmt":"2025-06-05T12:36:30","slug":"vlasnicka-struktura","status":"publish","type":"page","link":"https:\/\/www.3maj.hr\/?page_id=10","title":{"rendered":"Vlasni\u010dka struktura"},"content":{"rendered":"<div id=\"pl-gb10-69ff3006a060e\"  class=\"panel-layout\" ><div id=\"pg-gb10-69ff3006a060e-0\"  class=\"panel-grid panel-no-style\" ><div id=\"pgc-gb10-69ff3006a060e-0-0\"  class=\"panel-grid-cell\" ><div id=\"panel-gb10-69ff3006a060e-0-0-0\" class=\"so-panel widget widget_sow-hero panel-first-child panel-last-child\" data-index=\"0\" ><div\n\t\t\t\n\t\t\tclass=\"so-widget-sow-hero so-widget-sow-hero-default-d9929ef9cfc0-10 so-widget-fittext-wrapper\"\n\t\t\t data-fit-text-compressor=\"0.85\"\n\t\t>\t\t\t\t<div class=\"sow-slider-base\" style=\"display: none\" tabindex=\"0\">\n\t\t\t\t\t<ul\n\t\t\t\t\tclass=\"sow-slider-images\"\n\t\t\t\t\tdata-settings=\"{&quot;pagination&quot;:true,&quot;speed&quot;:400,&quot;timeout&quot;:8000,&quot;paused&quot;:false,&quot;pause_on_hover&quot;:false,&quot;swipe&quot;:true,&quot;nav_always_show_desktop&quot;:&quot;&quot;,&quot;nav_always_show_mobile&quot;:&quot;&quot;,&quot;breakpoint&quot;:&quot;780px&quot;,&quot;unmute&quot;:false,&quot;anchor&quot;:null}\"\n\t\t\t\t\t\t\t\t\t\tdata-anchor-id=\"\"\n\t\t\t\t>\t\t<li class=\"sow-slider-image\" style=\"visibility: visible;;background-color: rgba(255,255,255,0)\" >\n\t\t\t\t\t<div class=\"sow-slider-image-container\">\n\t\t\t<div class=\"sow-slider-image-wrapper\">\n\t\t\t\t<ol start=\"3\">\n \t<li><strong> MAJ Rijeka 1905 d. o. o.<\/strong><\/li>\n<\/ol>\nLiburnijska 3, Rijeka\n\nDjelatnost:30110, Gradnja civilnih brodova i plutaju\u0107ih objekata\n\nOIB:25387929862MB:04781058\n\nGodina osnivanja:2017.\n<table>\n<tbody>\n<tr>\n<td width=\"223\"><strong>Vlasnici<\/strong><\/td>\n<\/tr>\n<tr>\n<td width=\"240\"><a href=\"https:\/\/www.fininfo.hr\/Poduzece\/republika-hrvatska\/Detaljno\/665312\" target=\"_blank\">REPUBLIKA HRVATSKA<\/a>,\u00a0jedini \u010dlan d.o.o.<\/td>\n<\/tr>\n<\/tbody>\n<\/table>\n&nbsp;\n\n&nbsp;\n<table style=\"height: 218px\" width=\"310\">\n<tbody>\n<tr>\n<td width=\"223\"><strong>Nadzorni odbor<\/strong><\/td>\n<\/tr>\n<tr>\n<td width=\"240\"><a href=\"https:\/\/www.fininfo.hr\/Common\/GetScreenPerson\" target=\"_blank\">Ivana \u0160uman<\/a>,\u00a0predsjednik nadzornog odbora<\/td>\n<\/tr>\n<tr>\n<td width=\"240\"><a href=\"https:\/\/www.fininfo.hr\/Common\/GetScreenPerson\" target=\"_blank\">Zvonimira Ore\u0161i\u0107 Jaguljnjak<\/a>,\u00a0zamjenik predsjednika nadzornog odbora<\/td>\n<\/tr>\n<tr>\n<td width=\"240\"><a href=\"https:\/\/www.fininfo.hr\/Common\/GetScreenPerson\" target=\"_blank\">Biserka \u0160o\u0161tari\u0107<\/a>,\u00a0\u010dlan nadzornog odbora<\/td>\n<\/tr>\n<tr>\n<td width=\"240\"><a href=\"https:\/\/www.fininfo.hr\/Common\/GetScreenPerson\" target=\"_blank\">Vedrana Marijan\u010devi\u0107<\/a>,\u00a0\u010dlan nadzornog odbora<\/td>\n<\/tr>\n<tr>\n<td width=\"240\"><a href=\"https:\/\/www.fininfo.hr\/Common\/GetScreenPerson\" target=\"_blank\">Sladjan Peji\u0107<\/a>,\u00a0\u010dlan nadzornog odbora<\/td>\n<\/tr>\n<\/tbody>\n<\/table>\n&nbsp;\n<table>\n<tbody>\n<tr>\n<td width=\"223\"><strong>Osobe ovla\u0161tene za zastupanje<\/strong><\/td>\n<\/tr>\n<tr>\n<td width=\"240\"><a href=\"https:\/\/www.fininfo.hr\/Common\/GetScreenPerson\" target=\"_blank\">Vjera Mari\u0107<\/a>,\u00a0predsjednik uprave<\/td>\n<\/tr>\n<\/tbody>\n<\/table>\t\t\t<\/div>\n\t\t<\/div>\n\t\t\t\t<\/li>\n\t\t<\/ul>\t\t\t\t<ol class=\"sow-slider-pagination\">\n\t\t\t\t\t\t\t\t\t\t\t<li><a href=\"#\" data-goto=\"0\" aria-label=\"Display slide 1\"><\/a><\/li>\n\t\t\t\t\t\t\t\t\t<\/ol>\n\n\t\t\t\t<div class=\"sow-slide-nav sow-slide-nav-next\">\n\t\t\t\t\t<a href=\"#\" data-goto=\"next\" aria-label=\"Next slide\" data-action=\"next\">\n\t\t\t\t\t\t<em class=\"sow-sld-icon-thin-right\"><\/em>\n\t\t\t\t\t<\/a>\n\t\t\t\t<\/div>\n\n\t\t\t\t<div class=\"sow-slide-nav sow-slide-nav-prev\">\n\t\t\t\t\t<a href=\"#\" data-goto=\"previous\" aria-label=\"Previous slide\" data-action=\"prev\">\n\t\t\t\t\t\t<em class=\"sow-sld-icon-thin-left\"><\/em>\n\t\t\t\t\t<\/a>\n\t\t\t\t<\/div>\n\t\t\t\t<\/div><\/div><\/div><\/div><\/div><\/div>","protected":false},"excerpt":{"rendered":"","protected":false},"author":1,"featured_media":0,"parent":0,"menu_order":0,"comment_status":"closed","ping_status":"closed","template":"","meta":{"footnotes":""},"class_list":["post-10","page","type-page","status-publish","hentry","post"],"_links":{"self":[{"href":"https:\/\/www.3maj.hr\/index.php?rest_route=\/wp\/v2\/pages\/10","targetHints":{"allow":["GET"]}}],"collection":[{"href":"https:\/\/www.3maj.hr\/index.php?rest_route=\/wp\/v2\/pages"}],"about":[{"href":"https:\/\/www.3maj.hr\/index.php?rest_route=\/wp\/v2\/types\/page"}],"author":[{"embeddable":true,"href":"https:\/\/www.3maj.hr\/index.php?rest_route=\/wp\/v2\/users\/1"}],"replies":[{"embeddable":true,"href":"https:\/\/www.3maj.hr\/index.php?rest_route=%2Fwp%2Fv2%2Fcomments&post=10"}],"version-history":[{"count":6,"href":"https:\/\/www.3maj.hr\/index.php?rest_route=\/wp\/v2\/pages\/10\/revisions"}],"predecessor-version":[{"id":212,"href":"https:\/\/www.3maj.hr\/index.php?rest_route=\/wp\/v2\/pages\/10\/revisions\/212"}],"wp:attachment":[{"href":"https:\/\/www.3maj.hr\/index.php?rest_route=%2Fwp%2Fv2%2Fmedia&parent=10"}],"curies":[{"name":"wp","href":"https:\/\/api.w.org\/{rel}","templated":true}]}}